{"id":281,"date":"2022-01-18T03:18:07","date_gmt":"2022-01-18T03:18:07","guid":{"rendered":"http:\/\/www.viveroecores.cl\/?page_id=281"},"modified":"2023-08-07T23:18:57","modified_gmt":"2023-08-07T23:18:57","slug":"sobre-nosotros","status":"publish","type":"page","link":"https:\/\/www.viveroecores.cl\/?page_id=281","title":{"rendered":"Sobre Nosotros"},"content":{"rendered":"\t\t<div data-elementor-type=\"wp-page\" data-elementor-id=\"281\" class=\"elementor elementor-281\">\n\t\t\t\t\t\t<section class=\"elementor-section elementor-top-section elementor-element elementor-element-19b4935 elementor-section-full_width elementor-section-height-min-height elementor-section-stretched elementor-section-height-default elementor-section-items-middle\" data-id=\"19b4935\" data-element_type=\"section\" data-settings=\"{&quot;stretch_section&quot;:&quot;section-stretched&quot;,&quot;background_background&quot;:&quot;classic&quot;}\">\n\t\t\t\t\t\t\t<div class=\"elementor-background-overlay\"><\/div>\n\t\t\t\t\t\t\t<div class=\"elementor-container elementor-column-gap-no\">\n\t\t\t\t\t<div class=\"elementor-column elementor-col-100 elementor-top-column elementor-element elementor-element-bf15bfe\" data-id=\"bf15bfe\" data-element_type=\"column\">\n\t\t\t<div class=\"elementor-widget-wrap elementor-element-populated\">\n\t\t\t\t\t\t<div class=\"elementor-element elementor-element-98ffa75 elementor-widget elementor-widget-heading\" data-id=\"98ffa75\" data-element_type=\"widget\" data-widget_type=\"heading.default\">\n\t\t\t\t<div class=\"elementor-widget-container\">\n\t\t\t<style>\/*! elementor - v3.21.0 - 08-05-2024 *\/\n.elementor-heading-title{padding:0;margin:0;line-height:1}.elementor-widget-heading .elementor-heading-title[class*=elementor-size-]>a{color:inherit;font-size:inherit;line-height:inherit}.elementor-widget-heading .elementor-heading-title.elementor-size-small{font-size:15px}.elementor-widget-heading .elementor-heading-title.elementor-size-medium{font-size:19px}.elementor-widget-heading .elementor-heading-title.elementor-size-large{font-size:29px}.elementor-widget-heading .elementor-heading-title.elementor-size-xl{font-size:39px}.elementor-widget-heading .elementor-heading-title.elementor-size-xxl{font-size:59px}<\/style><h2 class=\"elementor-heading-title elementor-size-default\">Nosotros<\/h2>\t\t<\/div>\n\t\t\t\t<\/div>\n\t\t\t\t\t<\/div>\n\t\t<\/div>\n\t\t\t\t\t<\/div>\n\t\t<\/section>\n\t\t\t\t<section class=\"elementor-section elementor-top-section elementor-element elementor-element-19f5c30 elementor-section-boxed elementor-section-height-default elementor-section-height-default\" data-id=\"19f5c30\" data-element_type=\"section\">\n\t\t\t\t\t\t<div class=\"elementor-container elementor-column-gap-default\">\n\t\t\t\t\t<div class=\"elementor-column elementor-col-50 elementor-top-column elementor-element elementor-element-b61664b\" data-id=\"b61664b\" data-element_type=\"column\">\n\t\t\t<div class=\"elementor-widget-wrap elementor-element-populated\">\n\t\t\t\t\t\t<div class=\"elementor-element elementor-element-30685e2 textos-up elementor-widget elementor-widget-text-editor\" data-id=\"30685e2\" data-element_type=\"widget\" data-widget_type=\"text-editor.default\">\n\t\t\t\t<div class=\"elementor-widget-container\">\n\t\t\t<style>\/*! elementor - v3.21.0 - 08-05-2024 *\/\n.elementor-widget-text-editor.elementor-drop-cap-view-stacked .elementor-drop-cap{background-color:#69727d;color:#fff}.elementor-widget-text-editor.elementor-drop-cap-view-framed .elementor-drop-cap{color:#69727d;border:3px solid;background-color:transparent}.elementor-widget-text-editor:not(.elementor-drop-cap-view-default) .elementor-drop-cap{margin-top:8px}.elementor-widget-text-editor:not(.elementor-drop-cap-view-default) .elementor-drop-cap-letter{width:1em;height:1em}.elementor-widget-text-editor .elementor-drop-cap{float:left;text-align:center;line-height:1;font-size:50px}.elementor-widget-text-editor .elementor-drop-cap-letter{display:inline-block}<\/style>\t\t\t\t<p><b>\u00a1Bienvenido al Vivero Ecores!<br \/><\/b>Nos enorgullece presentarte nuestro apasionante proyecto que tiene como objetivo la propagaci\u00f3n y cuidado de la flora nativa. En nuestro vivero, encontrar\u00e1s una amplia selecci\u00f3n de especies nativas, disponibles tanto para la compra online como para que puedas visitar nuestra sala de venta. En Vivero Ecores, estamos comprometidos con la conservaci\u00f3n de la biodiversidad, y es por eso que producimos una gran variedad de especies nativas con este fin. Nuestro objetivo principal es ofrecerte la oportunidad de contribuir a la preservaci\u00f3n de la flora aut\u00f3ctona, mientras disfrutas de la belleza y los beneficios que estas plantas pueden brindar. Te invitamos a explorar nuestra p\u00e1gina web y descubrir la amplia gama de especies disponibles. Desde \u00e1rboles majestuosos hasta coloridas flores y plantas de interior, encontrar\u00e1s opciones para todos los gustos y necesidades. En Vivero Ecores, nos apasiona compartir nuestro conocimiento sobre la flora nativa. Nuestro equipo de expertos estar\u00e1 encantado de brindarte asesoramiento personalizado y compartir consejos sobre el cuidado y la incorporaci\u00f3n de estas plantas en tu entorno. Ya sea que est\u00e9s buscando embellecer tu jard\u00edn, contribuir a la conservaci\u00f3n de la biodiversidad o simplemente disfrutar de la belleza de las especies nativas, en Vivero Ecores encontrar\u00e1s lo que necesitas. Visita nuestra p\u00e1gina web o ac\u00e9rcate a nuestra sala de ventas para descubrir la variedad de especies disponibles. \u00a1\u00danete a nosotros en esta emocionante aventura de cuidar y preservar la flora nativa!<\/p>\t\t\t\t\t\t<\/div>\n\t\t\t\t<\/div>\n\t\t\t\t\t<\/div>\n\t\t<\/div>\n\t\t\t\t<div class=\"elementor-column elementor-col-50 elementor-top-column elementor-element elementor-element-e558948\" data-id=\"e558948\" data-element_type=\"column\">\n\t\t\t<div class=\"elementor-widget-wrap elementor-element-populated\">\n\t\t\t\t\t\t<div class=\"elementor-element elementor-element-3413ef4 elementor-widget elementor-widget-image\" data-id=\"3413ef4\" data-element_type=\"widget\" data-widget_type=\"image.default\">\n\t\t\t\t<div class=\"elementor-widget-container\">\n\t\t\t<style>\/*! elementor - v3.21.0 - 08-05-2024 *\/\n.elementor-widget-image{text-align:center}.elementor-widget-image a{display:inline-block}.elementor-widget-image a img[src$=\".svg\"]{width:48px}.elementor-widget-image img{vertical-align:middle;display:inline-block}<\/style>\t\t\t\t\t\t\t\t\t\t<img fetchpriority=\"high\" decoding=\"async\" width=\"800\" height=\"557\" src=\"https:\/\/www.viveroecores.cl\/wp-content\/uploads\/2023\/06\/nosotros.jpg\" class=\"attachment-large size-large wp-image-4538\" alt=\"\" srcset=\"https:\/\/www.viveroecores.cl\/wp-content\/uploads\/2023\/06\/nosotros.jpg 800w, https:\/\/www.viveroecores.cl\/wp-content\/uploads\/2023\/06\/nosotros-300x209.jpg 300w, https:\/\/www.viveroecores.cl\/wp-content\/uploads\/2023\/06\/nosotros-768x535.jpg 768w, https:\/\/www.viveroecores.cl\/wp-content\/uploads\/2023\/06\/nosotros-400x279.jpg 400w\" sizes=\"(max-width: 800px) 100vw, 800px\" \/>\t\t\t\t\t\t\t\t\t\t\t\t\t<\/div>\n\t\t\t\t<\/div>\n\t\t\t\t\t<\/div>\n\t\t<\/div>\n\t\t\t\t\t<\/div>\n\t\t<\/section>\n\t\t\t\t<section class=\"elementor-section elementor-top-section elementor-element elementor-element-1b8ca38 elementor-section-boxed elementor-section-height-default elementor-section-height-default\" data-id=\"1b8ca38\" data-element_type=\"section\">\n\t\t\t\t\t\t<div class=\"elementor-container elementor-column-gap-no\">\n\t\t\t\t\t<div class=\"elementor-column elementor-col-100 elementor-top-column elementor-element elementor-element-699bc21\" data-id=\"699bc21\" data-element_type=\"column\">\n\t\t\t<div class=\"elementor-widget-wrap elementor-element-populated\">\n\t\t\t\t\t\t<div class=\"elementor-element elementor-element-f8593b1 textos-up elementor-widget elementor-widget-text-editor\" data-id=\"f8593b1\" data-element_type=\"widget\" data-widget_type=\"text-editor.default\">\n\t\t\t\t<div class=\"elementor-widget-container\">\n\t\t\t\t\t\t\t<p><b>Sala De Ventas<br \/><\/b>Estamos ubicados en el Km 308 Panamericana 5 sur, Longav\u00ed.<\/p>\t\t\t\t\t\t<\/div>\n\t\t\t\t<\/div>\n\t\t\t\t<div class=\"elementor-element elementor-element-069bbe2 elementor-widget elementor-widget-html\" data-id=\"069bbe2\" data-element_type=\"widget\" data-widget_type=\"html.default\">\n\t\t\t\t<div class=\"elementor-widget-container\">\n\t\t\t<iframe src=\"https:\/\/www.google.com\/maps\/embed?pb=!1m18!1m12!1m3!1d3231.854737568667!2d-71.65113842337978!3d-35.90157322719665!2m3!1f0!2f0!3f0!3m2!1i1024!2i768!4f13.1!3m3!1m2!1s0x966f5f99cd9cbce5%3A0xc9b776613e2fb8ee!2sVivero%20Ecores%20-%20Punto%20Blue%20express!5e0!3m2!1ses-419!2scl!4v1691450256281!5m2!1ses-419!2scl\" width=\"600\" height=\"450\" style=\"border:0;\" allowfullscreen=\"\" loading=\"lazy\" referrerpolicy=\"no-referrer-when-downgrade\"><\/iframe>\t\t<\/div>\n\t\t\t\t<\/div>\n\t\t\t\t<div class=\"elementor-element elementor-element-12c9b40 elementor-widget elementor-widget-heading\" data-id=\"12c9b40\" data-element_type=\"widget\" data-widget_type=\"heading.default\">\n\t\t\t\t<div class=\"elementor-widget-container\">\n\t\t\t<h2 class=\"elementor-heading-title elementor-size-default\">Venta por Mayor<\/h2>\t\t<\/div>\n\t\t\t\t<\/div>\n\t\t\t\t\t<\/div>\n\t\t<\/div>\n\t\t\t\t\t<\/div>\n\t\t<\/section>\n\t\t\t\t<\/div>\n\t\t","protected":false},"excerpt":{"rendered":"<p>Nosotros \u00a1Bienvenido al Vivero Ecores!Nos enorgullece presentarte nuestro apasionante proyecto que tiene como objetivo la propagaci\u00f3n y cuidado de la flora nativa. En nuestro vivero, encontrar\u00e1s una amplia selecci\u00f3n de especies nativas, disponibles tanto para la compra online como para que puedas visitar nuestra sala de venta. En Vivero Ecores, estamos comprometidos con la conservaci\u00f3n &hellip;<\/p>\n<p class=\"read-more\"> <a class=\"\" href=\"https:\/\/www.viveroecores.cl\/?page_id=281\"> <span class=\"screen-reader-text\">Sobre Nosotros<\/span> Leer m\u00e1s &raquo;<\/a><\/p>\n","protected":false},"author":2,"featured_media":0,"parent":0,"menu_order":0,"comment_status":"closed","ping_status":"closed","template":"elementor_header_footer","meta":{"inline_featured_image":false,"_monsterinsights_skip_tracking":false,"_monsterinsights_sitenote_active":false,"_monsterinsights_sitenote_note":"","_monsterinsights_sitenote_category":0,"site-sidebar-layout":"no-sidebar","site-content-layout":"page-builder","ast-global-header-display":"","ast-main-header-display":"","ast-hfb-above-header-display":"","ast-hfb-below-header-display":"","ast-hfb-mobile-header-display":"","site-post-title":"disabled","ast-breadcrumbs-content":"","ast-featured-img":"disabled","footer-sml-layout":"","theme-transparent-header-meta":"","adv-header-id-meta":"","stick-header-meta":"","header-above-stick-meta":"","header-main-stick-meta":"","header-below-stick-meta":"","footnotes":""},"class_list":["post-281","page","type-page","status-publish","hentry"],"_links":{"self":[{"href":"https:\/\/www.viveroecores.cl\/index.php?rest_route=\/wp\/v2\/pages\/281","targetHints":{"allow":["GET"]}}],"collection":[{"href":"https:\/\/www.viveroecores.cl\/index.php?rest_route=\/wp\/v2\/pages"}],"about":[{"href":"https:\/\/www.viveroecores.cl\/index.php?rest_route=\/wp\/v2\/types\/page"}],"author":[{"embeddable":true,"href":"https:\/\/www.viveroecores.cl\/index.php?rest_route=\/wp\/v2\/users\/2"}],"replies":[{"embeddable":true,"href":"https:\/\/www.viveroecores.cl\/index.php?rest_route=%2Fwp%2Fv2%2Fcomments&post=281"}],"version-history":[{"count":50,"href":"https:\/\/www.viveroecores.cl\/index.php?rest_route=\/wp\/v2\/pages\/281\/revisions"}],"predecessor-version":[{"id":5019,"href":"https:\/\/www.viveroecores.cl\/index.php?rest_route=\/wp\/v2\/pages\/281\/revisions\/5019"}],"wp:attachment":[{"href":"https:\/\/www.viveroecores.cl\/index.php?rest_route=%2Fwp%2Fv2%2Fmedia&parent=281"}],"curies":[{"name":"wp","href":"https:\/\/api.w.org\/{rel}","templated":true}]}}