{"id":4089,"date":"2023-06-07T17:45:10","date_gmt":"2023-06-07T17:45:10","guid":{"rendered":"https:\/\/www.viveroecores.cl\/?post_type=product&#038;p=4089"},"modified":"2023-06-07T17:45:10","modified_gmt":"2023-06-07T17:45:10","slug":"bosques-y-como-protegerlos","status":"publish","type":"product","link":"https:\/\/www.viveroecores.cl\/?product=bosques-y-como-protegerlos","title":{"rendered":"BOSQUES Y COMO PROTEGERLOS"},"content":{"rendered":"","protected":false},"excerpt":{"rendered":"<p>EDITORIAL: ERRATA NATURAE<br \/>\nEAN: 9788419158307<br \/>\nCOLECCI\u00d3N: LOS PEQUE\u00d1OS SALVAJES<br \/>\nIDIOMA:\tCASTELLANO<\/p>\n<p>SINOPSIS<br \/>\nExplora los 10 ecosistemas boscosos m\u00e1s incre\u00edbles: de la selva amaz\u00f3nica a la cuenca del Congo, de las grandes secuoyas de California al valle de Jiuzhaigou en China&#8230; Los bosques est\u00e1n en peligro, pero \u00a1todav\u00eda estamos a tiempo de salvarlos!<\/p>\n","protected":false},"featured_media":4090,"comment_status":"open","ping_status":"closed","template":"","meta":{"inline_featured_image":false,"_monsterinsights_skip_tracking":false,"_monsterinsights_sitenote_active":false,"_monsterinsights_sitenote_note":"","_monsterinsights_sitenote_category":0,"site-sidebar-layout":"default","site-content-layout":"default","ast-global-header-display":"","ast-main-header-display":"","ast-hfb-above-header-display":"","ast-hfb-below-header-display":"","ast-hfb-mobile-header-display":"","site-post-title":"","ast-breadcrumbs-content":"","ast-featured-img":"","footer-sml-layout":"","theme-transparent-header-meta":"default","adv-header-id-meta":"","stick-header-meta":"","header-above-stick-meta":"","header-main-stick-meta":"","header-below-stick-meta":""},"product_cat":[37,40,34],"product_tag":[],"class_list":{"0":"post-4089","1":"product","2":"type-product","3":"status-publish","4":"has-post-thumbnail","6":"product_cat-ecologia","7":"product_cat-flora-y-fauna","8":"product_cat-libros","9":"desktop-align-left","10":"tablet-align-left","11":"mobile-align-left","13":"first","14":"instock","15":"shipping-taxable","16":"purchasable","17":"product-type-simple"},"_links":{"self":[{"href":"https:\/\/www.viveroecores.cl\/index.php?rest_route=\/wp\/v2\/product\/4089","targetHints":{"allow":["GET"]}}],"collection":[{"href":"https:\/\/www.viveroecores.cl\/index.php?rest_route=\/wp\/v2\/product"}],"about":[{"href":"https:\/\/www.viveroecores.cl\/index.php?rest_route=\/wp\/v2\/types\/product"}],"replies":[{"embeddable":true,"href":"https:\/\/www.viveroecores.cl\/index.php?rest_route=%2Fwp%2Fv2%2Fcomments&post=4089"}],"wp:featuredmedia":[{"embeddable":true,"href":"https:\/\/www.viveroecores.cl\/index.php?rest_route=\/wp\/v2\/media\/4090"}],"wp:attachment":[{"href":"https:\/\/www.viveroecores.cl\/index.php?rest_route=%2Fwp%2Fv2%2Fmedia&parent=4089"}],"wp:term":[{"taxonomy":"product_cat","embeddable":true,"href":"https:\/\/www.viveroecores.cl\/index.php?rest_route=%2Fwp%2Fv2%2Fproduct_cat&post=4089"},{"taxonomy":"product_tag","embeddable":true,"href":"https:\/\/www.viveroecores.cl\/index.php?rest_route=%2Fwp%2Fv2%2Fproduct_tag&post=4089"}],"curies":[{"name":"wp","href":"https:\/\/api.w.org\/{rel}","templated":true}]}}