{"id":4091,"date":"2023-06-07T17:58:45","date_gmt":"2023-06-07T17:58:45","guid":{"rendered":"https:\/\/www.viveroecores.cl\/?post_type=product&#038;p=4091"},"modified":"2025-12-16T11:54:31","modified_gmt":"2025-12-16T14:54:31","slug":"vente-al-huerto-cultiva-tus-propios-alimentos","status":"publish","type":"product","link":"https:\/\/www.viveroecores.cl\/?product=vente-al-huerto-cultiva-tus-propios-alimentos","title":{"rendered":"VENTE AL HUERTO CULTIVA TUS PROPIOS ALIMENTOS"},"content":{"rendered":"","protected":false},"excerpt":{"rendered":"<p>EDITORIAL: ESPASA<br \/>\nEAN: 9788467065534<br \/>\nCOLECCI\u00d3N: NO FICCION<br \/>\nIDIOMA:\tCASTELLANO<\/p>\n<p>Este libro recoge de forma ordenada todo lo que La huertina de Toni nos ense\u00f1a en sus v\u00eddeos: C\u00f3mo cultivar de forma ecol\u00f3gica y org\u00e1nica nuestras plantas; fertilizantes caseros y remedios contra plagas para intentar ser un poco m\u00e1s respetuosos con el medio ambiente y, sobre todo, para alimentarnos de una forma m\u00e1s sana, cultivando nuestros alimentos. Aprenderemos a hacer cosas en la huerta de una forma sencilla y detallada, experimentos caseros sobre como germinar plantas, semillas, etc&#8230;<\/p>\n<p>Aunque no dispongas de mucho espacio, seguro que te animar\u00e1s a hacer tu propio huerto en tu jard\u00edn, en tu terraza e incluso \u00a1en tu cocina!<\/p>\n<p>Ya sabes, \u00bftienes una semilla? Si\u00e9mbrala.<\/p>\n","protected":false},"featured_media":4092,"comment_status":"open","ping_status":"closed","template":"","meta":{"inline_featured_image":false,"_monsterinsights_skip_tracking":false,"_monsterinsights_sitenote_active":false,"_monsterinsights_sitenote_note":"","_monsterinsights_sitenote_category":0,"site-sidebar-layout":"default","site-content-layout":"default","ast-global-header-display":"","ast-main-header-display":"","ast-hfb-above-header-display":"","ast-hfb-below-header-display":"","ast-hfb-mobile-header-display":"","site-post-title":"","ast-breadcrumbs-content":"","ast-featured-img":"","footer-sml-layout":"","theme-transparent-header-meta":"default","adv-header-id-meta":"","stick-header-meta":"","header-above-stick-meta":"","header-main-stick-meta":"","header-below-stick-meta":""},"product_cat":[34,35],"product_tag":[],"class_list":{"0":"post-4091","1":"product","2":"type-product","3":"status-publish","4":"has-post-thumbnail","6":"product_cat-libros","7":"product_cat-medio-ambiente","8":"desktop-align-left","9":"tablet-align-left","10":"mobile-align-left","12":"first","13":"outofstock","14":"shipping-taxable","15":"purchasable","16":"product-type-simple"},"_links":{"self":[{"href":"https:\/\/www.viveroecores.cl\/index.php?rest_route=\/wp\/v2\/product\/4091","targetHints":{"allow":["GET"]}}],"collection":[{"href":"https:\/\/www.viveroecores.cl\/index.php?rest_route=\/wp\/v2\/product"}],"about":[{"href":"https:\/\/www.viveroecores.cl\/index.php?rest_route=\/wp\/v2\/types\/product"}],"replies":[{"embeddable":true,"href":"https:\/\/www.viveroecores.cl\/index.php?rest_route=%2Fwp%2Fv2%2Fcomments&post=4091"}],"wp:featuredmedia":[{"embeddable":true,"href":"https:\/\/www.viveroecores.cl\/index.php?rest_route=\/wp\/v2\/media\/4092"}],"wp:attachment":[{"href":"https:\/\/www.viveroecores.cl\/index.php?rest_route=%2Fwp%2Fv2%2Fmedia&parent=4091"}],"wp:term":[{"taxonomy":"product_cat","embeddable":true,"href":"https:\/\/www.viveroecores.cl\/index.php?rest_route=%2Fwp%2Fv2%2Fproduct_cat&post=4091"},{"taxonomy":"product_tag","embeddable":true,"href":"https:\/\/www.viveroecores.cl\/index.php?rest_route=%2Fwp%2Fv2%2Fproduct_tag&post=4091"}],"curies":[{"name":"wp","href":"https:\/\/api.w.org\/{rel}","templated":true}]}}