{"id":4095,"date":"2023-06-17T18:12:09","date_gmt":"2023-06-17T18:12:09","guid":{"rendered":"https:\/\/www.viveroecores.cl\/?post_type=product&#038;p=4095"},"modified":"2024-04-15T02:42:36","modified_gmt":"2024-04-15T06:42:36","slug":"libro-de-la-ecologia","status":"publish","type":"product","link":"https:\/\/www.viveroecores.cl\/?product=libro-de-la-ecologia","title":{"rendered":"LIBRO DE LA ECOLOGIA"},"content":{"rendered":"","protected":false},"excerpt":{"rendered":"<p>EDITORIAL: AKAL<br \/>\nEAN: 9788446047674<br \/>\nCOLECCI\u00d3N: EL LIBRO DE<br \/>\nIDIOMA: CASTELLANO<\/p>\n<p>El libro de la ecolog\u00eda ofrece explicaciones claras y concisas sobre m\u00e1s de noventa ideas clave, esquemas que desenmara\u00f1an complejas teor\u00edas, citas memorables e ingeniosas ilustraciones que juegan con nuestra comprensi\u00f3n de la ciencia. Tanto el ne\u00f3fito en la materia como el \u00e1vido estudiante del mundo vivo, as\u00ed como cualquiera preocupado por los efectos de la acci\u00f3n humana en el planeta, hallar\u00e1n en este libro abundante material para satisfacer su curiosidad.<\/p>\n","protected":false},"featured_media":4096,"comment_status":"open","ping_status":"closed","template":"","meta":{"inline_featured_image":false,"_monsterinsights_skip_tracking":false,"_monsterinsights_sitenote_active":false,"_monsterinsights_sitenote_note":"","_monsterinsights_sitenote_category":0,"site-sidebar-layout":"default","site-content-layout":"default","ast-global-header-display":"","ast-main-header-display":"","ast-hfb-above-header-display":"","ast-hfb-below-header-display":"","ast-hfb-mobile-header-display":"","site-post-title":"","ast-breadcrumbs-content":"","ast-featured-img":"","footer-sml-layout":"","theme-transparent-header-meta":"default","adv-header-id-meta":"","stick-header-meta":"","header-above-stick-meta":"","header-main-stick-meta":"","header-below-stick-meta":""},"product_cat":[38,37,34],"product_tag":[],"class_list":{"0":"post-4095","1":"product","2":"type-product","3":"status-publish","4":"has-post-thumbnail","6":"product_cat-ciencias","7":"product_cat-ecologia","8":"product_cat-libros","9":"desktop-align-left","10":"tablet-align-left","11":"mobile-align-left","13":"first","14":"instock","15":"shipping-taxable","16":"purchasable","17":"product-type-simple"},"_links":{"self":[{"href":"https:\/\/www.viveroecores.cl\/index.php?rest_route=\/wp\/v2\/product\/4095","targetHints":{"allow":["GET"]}}],"collection":[{"href":"https:\/\/www.viveroecores.cl\/index.php?rest_route=\/wp\/v2\/product"}],"about":[{"href":"https:\/\/www.viveroecores.cl\/index.php?rest_route=\/wp\/v2\/types\/product"}],"replies":[{"embeddable":true,"href":"https:\/\/www.viveroecores.cl\/index.php?rest_route=%2Fwp%2Fv2%2Fcomments&post=4095"}],"wp:featuredmedia":[{"embeddable":true,"href":"https:\/\/www.viveroecores.cl\/index.php?rest_route=\/wp\/v2\/media\/4096"}],"wp:attachment":[{"href":"https:\/\/www.viveroecores.cl\/index.php?rest_route=%2Fwp%2Fv2%2Fmedia&parent=4095"}],"wp:term":[{"taxonomy":"product_cat","embeddable":true,"href":"https:\/\/www.viveroecores.cl\/index.php?rest_route=%2Fwp%2Fv2%2Fproduct_cat&post=4095"},{"taxonomy":"product_tag","embeddable":true,"href":"https:\/\/www.viveroecores.cl\/index.php?rest_route=%2Fwp%2Fv2%2Fproduct_tag&post=4095"}],"curies":[{"name":"wp","href":"https:\/\/api.w.org\/{rel}","templated":true}]}}