{"id":4097,"date":"2023-06-28T18:15:10","date_gmt":"2023-06-28T18:15:10","guid":{"rendered":"https:\/\/www.viveroecores.cl\/?post_type=product&#038;p=4097"},"modified":"2024-09-09T09:39:36","modified_gmt":"2024-09-09T12:39:36","slug":"la-agenda-del-huerto-ecologico","status":"publish","type":"product","link":"https:\/\/www.viveroecores.cl\/?product=la-agenda-del-huerto-ecologico","title":{"rendered":"LA AGENDA DEL HUERTO ECOLOGICO"},"content":{"rendered":"","protected":false},"excerpt":{"rendered":"<p>EDITORIAL: INTEGRAL<br \/>\nEAN: 9788491181811<br \/>\nCOLECCI\u00d3N: CULTIVOS<br \/>\nIDIOMA: CASTELLANO<\/p>\n<p>CULTIVA SALUD Y SABOR Y CONTRIBUYE A CREAR UN MUNDO M\u00c1S SOSTENIBLE<\/p>\n<p>Mariano Bueno, el autor m\u00e1s reconocido en nuestro pa\u00eds sobre cultivos de huerto ecol\u00f3gicos, pone en tus manos una herramienta \u00fatil y pr\u00e1ctica para hortelanos y hortelanas despiertos y conscientes, que disfrutan cultivando sus propios alimentos y los de su familia, y que quieren hacerlo de la forma m\u00e1s sencilla, productiva y saludable posible.<br \/>\nBien sean unas macetas en tu balc\u00f3n, bien sea una extensa parcela, esta agenda perpetua, repleta de datos y consejos, te ayudar\u00e1 a organizar las labores de tu huerto y a obtener los mejores resultados en cantidad y calidad.<\/p>\n","protected":false},"featured_media":4098,"comment_status":"open","ping_status":"closed","template":"","meta":{"inline_featured_image":false,"_monsterinsights_skip_tracking":false,"_monsterinsights_sitenote_active":false,"_monsterinsights_sitenote_note":"","_monsterinsights_sitenote_category":0,"site-sidebar-layout":"default","site-content-layout":"default","ast-global-header-display":"","ast-main-header-display":"","ast-hfb-above-header-display":"","ast-hfb-below-header-display":"","ast-hfb-mobile-header-display":"","site-post-title":"","ast-breadcrumbs-content":"","ast-featured-img":"","footer-sml-layout":"","theme-transparent-header-meta":"default","adv-header-id-meta":"","stick-header-meta":"","header-above-stick-meta":"","header-main-stick-meta":"","header-below-stick-meta":""},"product_cat":[34,35],"product_tag":[],"class_list":{"0":"post-4097","1":"product","2":"type-product","3":"status-publish","4":"has-post-thumbnail","6":"product_cat-libros","7":"product_cat-medio-ambiente","8":"desktop-align-left","9":"tablet-align-left","10":"mobile-align-left","12":"first","13":"instock","14":"shipping-taxable","15":"purchasable","16":"product-type-simple"},"_links":{"self":[{"href":"https:\/\/www.viveroecores.cl\/index.php?rest_route=\/wp\/v2\/product\/4097","targetHints":{"allow":["GET"]}}],"collection":[{"href":"https:\/\/www.viveroecores.cl\/index.php?rest_route=\/wp\/v2\/product"}],"about":[{"href":"https:\/\/www.viveroecores.cl\/index.php?rest_route=\/wp\/v2\/types\/product"}],"replies":[{"embeddable":true,"href":"https:\/\/www.viveroecores.cl\/index.php?rest_route=%2Fwp%2Fv2%2Fcomments&post=4097"}],"wp:featuredmedia":[{"embeddable":true,"href":"https:\/\/www.viveroecores.cl\/index.php?rest_route=\/wp\/v2\/media\/4098"}],"wp:attachment":[{"href":"https:\/\/www.viveroecores.cl\/index.php?rest_route=%2Fwp%2Fv2%2Fmedia&parent=4097"}],"wp:term":[{"taxonomy":"product_cat","embeddable":true,"href":"https:\/\/www.viveroecores.cl\/index.php?rest_route=%2Fwp%2Fv2%2Fproduct_cat&post=4097"},{"taxonomy":"product_tag","embeddable":true,"href":"https:\/\/www.viveroecores.cl\/index.php?rest_route=%2Fwp%2Fv2%2Fproduct_tag&post=4097"}],"curies":[{"name":"wp","href":"https:\/\/api.w.org\/{rel}","templated":true}]}}