{"id":4677,"date":"2023-06-17T19:57:39","date_gmt":"2023-06-17T19:57:39","guid":{"rendered":"https:\/\/www.viveroecores.cl\/?post_type=product&#038;p=4677"},"modified":"2026-02-03T01:40:50","modified_gmt":"2026-02-03T04:40:50","slug":"diseno-de-jardines-y-restauracion-del-paisaje","status":"publish","type":"product","link":"https:\/\/www.viveroecores.cl\/?product=diseno-de-jardines-y-restauracion-del-paisaje","title":{"rendered":"DISE\u00d1O DE JARDINES Y RESTAURACION DEL PAISAJE"},"content":{"rendered":"","protected":false},"excerpt":{"rendered":"<div class=\"filaDetalle\">\n<div class=\"cabeceraDetalle\">DITORIAL:<\/div>\n<div><a title=\"Pulse aqu\u00ed para ver los libros de esta editorial\" href=\"https:\/\/www.azetadistribuciones.es\/html\/lib\/buscar\/detalle.php?fr_codArticulo=0580600008&amp;fr_pagSel=1&amp;fr_posicion=0#\">SINTESIS<\/a><\/div>\n<\/div>\n<div class=\"filaDetalle\">\n<div class=\"cabeceraDetalle\">EAN:<\/div>\n<div>9788490774908<\/div>\n<\/div>\n<div class=\"filaDetalle\">\n<div class=\"cabeceraDetalle\">COLECCI\u00d3N:<\/div>\n<div><a title=\"Pulse aqu\u00ed para ver todos los libros de la colecci\u00f3n\" href=\"https:\/\/www.azetadistribuciones.es\/html\/lib\/buscar\/detalle.php?fr_codArticulo=0580600008&amp;fr_pagSel=1&amp;fr_posicion=0#\">AGRARIA<\/a><\/div>\n<\/div>\n<div class=\"filaDetalle\">\n<div class=\"cabeceraDetalle\">IDIOMA:<\/div>\n<div>CASTELLANO<\/div>\n<\/div>\n<div>\n<div id=\"textoSinopsisLibro\" class=\"\">Restaurar los espacios degradados es una cuesti\u00f3n absolutamente primordial que se debe resolver desde un punto vista \u00e9tico, ecol\u00f3gico y funcional. De igual manera, es nuestra responsabilidad crear ciudades amables y sostenibles, lo que incluye dotarlas de un equipamiento verde adecuado y coherente. Atendiendo a estas cuestiones, el principal objetivo de este libro es formar a profesionales capaces de dise\u00f1ar zonas ajardinadas y planificar y gestionar su ejecuci\u00f3n.<br \/>\nPara ello, la obra se ha estructurado en diez cap\u00edtulos a lo largo de los cuales se abordan los aspectos relativos al dise\u00f1o y a la ejecuci\u00f3n de cualquier intervenci\u00f3n paisaj\u00edstica (ajardinamientos de exteriores, de interiores y proyectos de restauraci\u00f3n del paisaje), definiendo los factores que afectan a este tipo de actuaciones y el porqu\u00e9, y describiendo tanto los procedimientos de trabajo como los recursos -humanos y materiales- necesarios para hacerlo de forma que se garantice la calidad, la seguridad de las personas y la protecci\u00f3n medioambiental.<\/div>\n<\/div>\n","protected":false},"featured_media":4678,"comment_status":"open","ping_status":"closed","template":"","meta":{"inline_featured_image":false,"_monsterinsights_skip_tracking":false,"_monsterinsights_sitenote_active":false,"_monsterinsights_sitenote_note":"","_monsterinsights_sitenote_category":0,"site-sidebar-layout":"default","site-content-layout":"default","ast-global-header-display":"","ast-main-header-display":"","ast-hfb-above-header-display":"","ast-hfb-below-header-display":"","ast-hfb-mobile-header-display":"","site-post-title":"","ast-breadcrumbs-content":"","ast-featured-img":"","footer-sml-layout":"","theme-transparent-header-meta":"default","adv-header-id-meta":"","stick-header-meta":"","header-above-stick-meta":"","header-main-stick-meta":"","header-below-stick-meta":""},"product_cat":[41,37,34],"product_tag":[],"class_list":{"0":"post-4677","1":"product","2":"type-product","3":"status-publish","4":"has-post-thumbnail","6":"product_cat-conservacion-y-restauracion","7":"product_cat-ecologia","8":"product_cat-libros","9":"desktop-align-left","10":"tablet-align-left","11":"mobile-align-left","13":"first","14":"outofstock","15":"shipping-taxable","16":"purchasable","17":"product-type-simple"},"_links":{"self":[{"href":"https:\/\/www.viveroecores.cl\/index.php?rest_route=\/wp\/v2\/product\/4677","targetHints":{"allow":["GET"]}}],"collection":[{"href":"https:\/\/www.viveroecores.cl\/index.php?rest_route=\/wp\/v2\/product"}],"about":[{"href":"https:\/\/www.viveroecores.cl\/index.php?rest_route=\/wp\/v2\/types\/product"}],"replies":[{"embeddable":true,"href":"https:\/\/www.viveroecores.cl\/index.php?rest_route=%2Fwp%2Fv2%2Fcomments&post=4677"}],"wp:featuredmedia":[{"embeddable":true,"href":"https:\/\/www.viveroecores.cl\/index.php?rest_route=\/wp\/v2\/media\/4678"}],"wp:attachment":[{"href":"https:\/\/www.viveroecores.cl\/index.php?rest_route=%2Fwp%2Fv2%2Fmedia&parent=4677"}],"wp:term":[{"taxonomy":"product_cat","embeddable":true,"href":"https:\/\/www.viveroecores.cl\/index.php?rest_route=%2Fwp%2Fv2%2Fproduct_cat&post=4677"},{"taxonomy":"product_tag","embeddable":true,"href":"https:\/\/www.viveroecores.cl\/index.php?rest_route=%2Fwp%2Fv2%2Fproduct_tag&post=4677"}],"curies":[{"name":"wp","href":"https:\/\/api.w.org\/{rel}","templated":true}]}}