{"id":4680,"date":"2023-06-15T20:01:09","date_gmt":"2023-06-15T20:01:09","guid":{"rendered":"https:\/\/www.viveroecores.cl\/?post_type=product&#038;p=4680"},"modified":"2025-03-05T10:06:59","modified_gmt":"2025-03-05T13:06:59","slug":"botanica-agronomica-forestal-y-de-jardin","status":"publish","type":"product","link":"https:\/\/www.viveroecores.cl\/?product=botanica-agronomica-forestal-y-de-jardin","title":{"rendered":"BOTANICA AGRONOMICA FORESTAL Y DE JARDIN"},"content":{"rendered":"","protected":false},"excerpt":{"rendered":"<div class=\"filaDetalle\">\n<div class=\"cabeceraDetalle\">EDITORIAL:<\/div>\n<div>SINTESIS<\/div>\n<\/div>\n<div class=\"filaDetalle\">\n<div class=\"cabeceraDetalle\">EAN:<\/div>\n<div>9788490770313<\/div>\n<\/div>\n<div class=\"filaDetalle\">\n<div class=\"cabeceraDetalle\">COLECCI\u00d3N:<\/div>\n<div>FORMACION PROFESIONAL: CICLOS FORMATIVOS<\/div>\n<\/div>\n<div class=\"filaDetalle\">\n<div class=\"cabeceraDetalle\">IDIOMA:<\/div>\n<div>CASTELLANO<\/div>\n<\/div>\n<div>\n<p>Bot\u00e1nica agron\u00f3mica, forestal y de jard\u00edn compila las bases del conocimiento bot\u00e1nico necesarias para poder empezar a caminar por los tres grandes mundos de la biodiversidad bot\u00e1nica: la agricultura, la vegetaci\u00f3n natural y la jardiner\u00eda. Estos tres mundos son los pilares primarios de la sociedad humana, pues nuestra alimentaci\u00f3n y nuestra calidad de vida se basan en el buen manejo de esta biodiversidad vegetal.<\/p>\n<p>El objetivo de esta obra es asentar unas bases m\u00ednimas del conocimiento bot\u00e1nico para alumnos de las titulaciones superiores de formaci\u00f3n profesional de t\u00e9cnicos superiores en Gesti\u00f3n Forestal y del Medio Natural; Paisajismo y Medio Rural; y Educaci\u00f3n y Control Ambiental. Asimismo, acercar\u00e1 a los lectores al mundo vegetal para que puedan observar la esencia de la vida y del paisaje.<\/p>\n<\/div>\n","protected":false},"featured_media":4681,"comment_status":"open","ping_status":"closed","template":"","meta":{"inline_featured_image":false,"_monsterinsights_skip_tracking":false,"_monsterinsights_sitenote_active":false,"_monsterinsights_sitenote_note":"","_monsterinsights_sitenote_category":0,"site-sidebar-layout":"default","site-content-layout":"default","ast-global-header-display":"","ast-main-header-display":"","ast-hfb-above-header-display":"","ast-hfb-below-header-display":"","ast-hfb-mobile-header-display":"","site-post-title":"","ast-breadcrumbs-content":"","ast-featured-img":"","footer-sml-layout":"","theme-transparent-header-meta":"default","adv-header-id-meta":"","stick-header-meta":"","header-above-stick-meta":"","header-main-stick-meta":"","header-below-stick-meta":""},"product_cat":[41,34,35],"product_tag":[],"class_list":{"0":"post-4680","1":"product","2":"type-product","3":"status-publish","4":"has-post-thumbnail","6":"product_cat-conservacion-y-restauracion","7":"product_cat-libros","8":"product_cat-medio-ambiente","9":"desktop-align-left","10":"tablet-align-left","11":"mobile-align-left","13":"first","14":"outofstock","15":"shipping-taxable","16":"purchasable","17":"product-type-simple"},"_links":{"self":[{"href":"https:\/\/www.viveroecores.cl\/index.php?rest_route=\/wp\/v2\/product\/4680","targetHints":{"allow":["GET"]}}],"collection":[{"href":"https:\/\/www.viveroecores.cl\/index.php?rest_route=\/wp\/v2\/product"}],"about":[{"href":"https:\/\/www.viveroecores.cl\/index.php?rest_route=\/wp\/v2\/types\/product"}],"replies":[{"embeddable":true,"href":"https:\/\/www.viveroecores.cl\/index.php?rest_route=%2Fwp%2Fv2%2Fcomments&post=4680"}],"wp:featuredmedia":[{"embeddable":true,"href":"https:\/\/www.viveroecores.cl\/index.php?rest_route=\/wp\/v2\/media\/4681"}],"wp:attachment":[{"href":"https:\/\/www.viveroecores.cl\/index.php?rest_route=%2Fwp%2Fv2%2Fmedia&parent=4680"}],"wp:term":[{"taxonomy":"product_cat","embeddable":true,"href":"https:\/\/www.viveroecores.cl\/index.php?rest_route=%2Fwp%2Fv2%2Fproduct_cat&post=4680"},{"taxonomy":"product_tag","embeddable":true,"href":"https:\/\/www.viveroecores.cl\/index.php?rest_route=%2Fwp%2Fv2%2Fproduct_tag&post=4680"}],"curies":[{"name":"wp","href":"https:\/\/api.w.org\/{rel}","templated":true}]}}