{"id":4699,"date":"2023-06-19T21:28:46","date_gmt":"2023-06-19T21:28:46","guid":{"rendered":"https:\/\/www.viveroecores.cl\/?post_type=product&#038;p=4699"},"modified":"2023-06-21T02:00:29","modified_gmt":"2023-06-21T02:00:29","slug":"antartida-ciencia-y-aventura-en-los-confines-del-mundo","status":"publish","type":"product","link":"https:\/\/www.viveroecores.cl\/?product=antartida-ciencia-y-aventura-en-los-confines-del-mundo","title":{"rendered":"ANTARTIDA Ciencia y aventura en los confines del mundo"},"content":{"rendered":"","protected":false},"excerpt":{"rendered":"<div class=\"filaDetalle\">\n<div class=\"cabeceraDetalle\">EDITORIAL:<\/div>\n<div>PIRAMIDE<\/div>\n<\/div>\n<div class=\"filaDetalle\">\n<div class=\"cabeceraDetalle\">EAN:<\/div>\n<div>9788436841640<\/div>\n<\/div>\n<div class=\"filaDetalle\">\n<div class=\"cabeceraDetalle\">COLECCI\u00d3N:<\/div>\n<div>CIENCIA HOY<\/div>\n<\/div>\n<div class=\"filaDetalle\">\n<div class=\"cabeceraDetalle\">IDIOMA:<\/div>\n<div>CASTELLANO<\/div>\n<div>\n<div id=\"textoSinopsisLibro\" class=\"\">\n<p>El continente ant\u00e1rtico y sus mares circundantes constituyen un lugar excepcional en el mundo: un inmenso espacio sin fronteras dedicado a la ciencia y a la conservaci\u00f3n. El enorme esfuerzo de exploraci\u00f3n e investigaci\u00f3n iniciado hace m\u00e1s de un siglo est\u00e1 totalmente justificado por el papel crucial que la Ant\u00e1rtida desempe\u00f1a en el equilibrio ambiental de nuestro planeta. Especialmente ahora, en plena fase de calentamiento global, nuestro futuro depender\u00e1, en gran medida, de lo que ocurra en el gran continente austral. Pero la Ant\u00e1rtida es m\u00e1s que un enorme regulador clim\u00e1tico; sus formas de vida, tanto vegetales como animales, son asombrosas y muestran la capacidad de la evoluci\u00f3n para generar especies \u00fanicas y perfectamente adaptadas a un medio tan inh\u00f3spito.<\/p>\n<p>Este es un libro de divulgaci\u00f3n cient\u00edfica y que, por tanto, se propone ser objetivo. Sin embargo, inevitablemente est\u00e1 cargado de sentimientos y vivencias. Las diecis\u00e9is expediciones a la Ant\u00e1rtida en las que ha participado el autor se han convertido en la m\u00e9dula de su vida profesional como cient\u00edfico y adem\u00e1s han supuesto una intensa experiencia personal. Para el autor, ser bi\u00f3logo en el Polo Sur es un privilegio y un maravilloso desaf\u00edo, y en este libro trata de mostrar los principales avances cient\u00edficos que se han producido en la investigaci\u00f3n ant\u00e1rtica en los \u00faltimos a\u00f1os, pero tambi\u00e9n comunicar la intensidad de la experiencia que supone trabajar en este lugar extraordinario. Aunque centrada en la biolog\u00eda vegetal, esta obra ofrece tambi\u00e9n una perspectiva m\u00e1s amplia que abarca otros campos cient\u00edficos e incluso la reciente historia ant\u00e1rtica y sus inusuales mecanismos de gesti\u00f3n internacional. Uno de los aspectos m\u00e1s notables de la Ant\u00e1rtida, su belleza, es tambi\u00e9n el m\u00e1s dif\u00edcil de reflejar en un libro, aunque ojal\u00e1 sirva de est\u00edmulo al lector para adentrarse en la ingente cantidad de im\u00e1genes y v\u00eddeos disponibles a golpe de rat\u00f3n.(cont.)<\/p>\n<\/div>\n<div class=\"botoneraSinopsis\"><\/div>\n<\/div>\n<\/div>\n","protected":false},"featured_media":4700,"comment_status":"open","ping_status":"closed","template":"","meta":{"inline_featured_image":false,"_monsterinsights_skip_tracking":false,"_monsterinsights_sitenote_active":false,"_monsterinsights_sitenote_note":"","_monsterinsights_sitenote_category":0,"site-sidebar-layout":"default","site-content-layout":"default","ast-global-header-display":"","ast-main-header-display":"","ast-hfb-above-header-display":"","ast-hfb-below-header-display":"","ast-hfb-mobile-header-display":"","site-post-title":"","ast-breadcrumbs-content":"","ast-featured-img":"","footer-sml-layout":"","theme-transparent-header-meta":"default","adv-header-id-meta":"","stick-header-meta":"","header-above-stick-meta":"","header-main-stick-meta":"","header-below-stick-meta":""},"product_cat":[38,41,34],"product_tag":[],"class_list":{"0":"post-4699","1":"product","2":"type-product","3":"status-publish","4":"has-post-thumbnail","6":"product_cat-ciencias","7":"product_cat-conservacion-y-restauracion","8":"product_cat-libros","9":"desktop-align-left","10":"tablet-align-left","11":"mobile-align-left","13":"first","14":"instock","15":"shipping-taxable","16":"purchasable","17":"product-type-simple"},"_links":{"self":[{"href":"https:\/\/www.viveroecores.cl\/index.php?rest_route=\/wp\/v2\/product\/4699","targetHints":{"allow":["GET"]}}],"collection":[{"href":"https:\/\/www.viveroecores.cl\/index.php?rest_route=\/wp\/v2\/product"}],"about":[{"href":"https:\/\/www.viveroecores.cl\/index.php?rest_route=\/wp\/v2\/types\/product"}],"replies":[{"embeddable":true,"href":"https:\/\/www.viveroecores.cl\/index.php?rest_route=%2Fwp%2Fv2%2Fcomments&post=4699"}],"wp:featuredmedia":[{"embeddable":true,"href":"https:\/\/www.viveroecores.cl\/index.php?rest_route=\/wp\/v2\/media\/4700"}],"wp:attachment":[{"href":"https:\/\/www.viveroecores.cl\/index.php?rest_route=%2Fwp%2Fv2%2Fmedia&parent=4699"}],"wp:term":[{"taxonomy":"product_cat","embeddable":true,"href":"https:\/\/www.viveroecores.cl\/index.php?rest_route=%2Fwp%2Fv2%2Fproduct_cat&post=4699"},{"taxonomy":"product_tag","embeddable":true,"href":"https:\/\/www.viveroecores.cl\/index.php?rest_route=%2Fwp%2Fv2%2Fproduct_tag&post=4699"}],"curies":[{"name":"wp","href":"https:\/\/api.w.org\/{rel}","templated":true}]}}