{"id":4708,"date":"2023-06-15T22:10:12","date_gmt":"2023-06-15T22:10:12","guid":{"rendered":"https:\/\/www.viveroecores.cl\/?post_type=product&#038;p=4708"},"modified":"2023-06-15T22:10:12","modified_gmt":"2023-06-15T22:10:12","slug":"granos-y-semillas-atlas-ilustrado","status":"publish","type":"product","link":"https:\/\/www.viveroecores.cl\/?product=granos-y-semillas-atlas-ilustrado","title":{"rendered":"GRANOS Y SEMILLAS Atlas Ilustrado"},"content":{"rendered":"","protected":false},"excerpt":{"rendered":"<div class=\"filaDetalle\">\n<div class=\"cabeceraDetalle\">DITORIAL:<\/div>\n<div>SUSAETA<\/div>\n<\/div>\n<div class=\"filaDetalle\">\n<div class=\"cabeceraDetalle\">EAN:<\/div>\n<div>9788467793147<\/div>\n<\/div>\n<div class=\"filaDetalle\">\n<div class=\"cabeceraDetalle\">COLECCI\u00d3N:<\/div>\n<div>FONDO<\/div>\n<\/div>\n<div class=\"filaDetalle\">\n<div class=\"cabeceraDetalle\">IDIOMA:<\/div>\n<div>CASTELLANO<\/div>\n<\/div>\n<div>\n<h3>Datos t\u00e9cnicos<\/h3>\n<ul class=\"comercialInfo\">\n<li class=\"fila\">\n<div class=\"titulo\">Encuadernaci\u00f3n<\/div>\n<div class=\"valor\">Carton\u00e9<\/div>\n<\/li>\n<li class=\"fila\">\n<div class=\"titulo\">N\u00ba p\u00e1ginas<\/div>\n<div class=\"valor\">256<\/div>\n<\/li>\n<li class=\"fila\">\n<div class=\"titulo\">Medidas<\/div>\n<div class=\"valor\">235 x 270 mm<\/div>\n<\/li>\n<\/ul>\n<p>El cultivo de las semillas, junto con la domesticaci\u00f3n de algunas especies animales, permitieron al hombre dejar atr\u00e1s la incertidumbre de encontrar alimento, asent\u00e1ndose y creando sociedades m\u00e1s organizadas. El libro comienza presentando a las semillas, bajo una \u00f3ptica distinta, la del microscopio electr\u00f3nico de barrido, para a continuaci\u00f3n realizar un repaso al origen de las propias semillas y su funci\u00f3n para la supervivencia de la planta. Se describen los granos m\u00e1s consumidos del planeta (ma\u00edz, trigo, arroz, mijo, sorgo&#8230;), junto con las principales semillas que nos sirven de alimento, adem\u00e1s de numerosos datos y curiosidades.<\/p>\n<\/div>\n","protected":false},"featured_media":4709,"comment_status":"open","ping_status":"closed","template":"","meta":{"inline_featured_image":false,"_monsterinsights_skip_tracking":false,"_monsterinsights_sitenote_active":false,"_monsterinsights_sitenote_note":"","_monsterinsights_sitenote_category":0,"site-sidebar-layout":"default","site-content-layout":"default","ast-global-header-display":"","ast-main-header-display":"","ast-hfb-above-header-display":"","ast-hfb-below-header-display":"","ast-hfb-mobile-header-display":"","site-post-title":"","ast-breadcrumbs-content":"","ast-featured-img":"","footer-sml-layout":"","theme-transparent-header-meta":"default","adv-header-id-meta":"","stick-header-meta":"","header-above-stick-meta":"","header-main-stick-meta":"","header-below-stick-meta":""},"product_cat":[34,35,39],"product_tag":[],"class_list":{"0":"post-4708","1":"product","2":"type-product","3":"status-publish","4":"has-post-thumbnail","6":"product_cat-libros","7":"product_cat-medio-ambiente","8":"product_cat-vida-sana","9":"desktop-align-left","10":"tablet-align-left","11":"mobile-align-left","13":"first","14":"instock","15":"shipping-taxable","16":"purchasable","17":"product-type-simple"},"_links":{"self":[{"href":"https:\/\/www.viveroecores.cl\/index.php?rest_route=\/wp\/v2\/product\/4708","targetHints":{"allow":["GET"]}}],"collection":[{"href":"https:\/\/www.viveroecores.cl\/index.php?rest_route=\/wp\/v2\/product"}],"about":[{"href":"https:\/\/www.viveroecores.cl\/index.php?rest_route=\/wp\/v2\/types\/product"}],"replies":[{"embeddable":true,"href":"https:\/\/www.viveroecores.cl\/index.php?rest_route=%2Fwp%2Fv2%2Fcomments&post=4708"}],"wp:featuredmedia":[{"embeddable":true,"href":"https:\/\/www.viveroecores.cl\/index.php?rest_route=\/wp\/v2\/media\/4709"}],"wp:attachment":[{"href":"https:\/\/www.viveroecores.cl\/index.php?rest_route=%2Fwp%2Fv2%2Fmedia&parent=4708"}],"wp:term":[{"taxonomy":"product_cat","embeddable":true,"href":"https:\/\/www.viveroecores.cl\/index.php?rest_route=%2Fwp%2Fv2%2Fproduct_cat&post=4708"},{"taxonomy":"product_tag","embeddable":true,"href":"https:\/\/www.viveroecores.cl\/index.php?rest_route=%2Fwp%2Fv2%2Fproduct_tag&post=4708"}],"curies":[{"name":"wp","href":"https:\/\/api.w.org\/{rel}","templated":true}]}}