{"id":4710,"date":"2023-06-15T22:13:23","date_gmt":"2023-06-15T22:13:23","guid":{"rendered":"https:\/\/www.viveroecores.cl\/?post_type=product&#038;p=4710"},"modified":"2023-06-17T12:04:12","modified_gmt":"2023-06-17T12:04:12","slug":"enciclopedia-de-plantas-medicinales-550-hierbas-y-remedios-para-dolencias-comunes","status":"publish","type":"product","link":"https:\/\/www.viveroecores.cl\/?product=enciclopedia-de-plantas-medicinales-550-hierbas-y-remedios-para-dolencias-comunes","title":{"rendered":"ENCICLOPEDIA DE PLANTAS MEDICINALES 550 hierbas y remedios para dolencias comunes"},"content":{"rendered":"","protected":false},"excerpt":{"rendered":"<div class=\"filaDetalle\">\n<div class=\"cabeceraDetalle\">EDITORIAL:<\/div>\n<div>5 TINTAS CINCO TINTAS<\/div>\n<\/div>\n<div class=\"filaDetalle\">\n<div class=\"cabeceraDetalle\">EAN:<\/div>\n<div>9788416407286<\/div>\n<\/div>\n<div class=\"filaDetalle\">\n<div class=\"cabeceraDetalle\">COLECCI\u00d3N:<\/div>\n<div>FONDO<\/div>\n<\/div>\n<div class=\"filaDetalle\">\n<div class=\"cabeceraDetalle\">IDIOMA:<\/div>\n<div>CASTELLANO<\/div>\n<\/div>\n<div>Esta gu\u00eda pr\u00e1ctica proporciona informaci\u00f3n detallada sobre la historia y el cultivo de 550 plantas, as\u00ed como sobre sus componentes activos, propiedades y usos tradicionales y actuales. Adem\u00e1s, indica c\u00f3mo realizar distintos tipos de preparados caseros<\/div>\n<div>\n<h3>Datos t\u00e9cnicos<\/h3>\n<ul class=\"comercialInfo\">\n<li class=\"fila\">\n<div class=\"titulo\">Encuadernaci\u00f3n<\/div>\n<div class=\"valor\">R\u00fastica<\/div>\n<\/li>\n<li class=\"fila\">\n<div class=\"titulo\">N\u00ba p\u00e1ginas<\/div>\n<div class=\"valor\">336<\/div>\n<\/li>\n<li class=\"fila\">\n<div class=\"titulo\">Medidas<\/div>\n<div class=\"valor\">280 x 283 mm<\/div>\n<\/li>\n<\/ul>\n<\/div>\n<div><\/div>\n<div><\/div>\n","protected":false},"featured_media":4711,"comment_status":"open","ping_status":"closed","template":"","meta":{"inline_featured_image":false,"_monsterinsights_skip_tracking":false,"_monsterinsights_sitenote_active":false,"_monsterinsights_sitenote_note":"","_monsterinsights_sitenote_category":0,"site-sidebar-layout":"default","site-content-layout":"default","ast-global-header-display":"","ast-main-header-display":"","ast-hfb-above-header-display":"","ast-hfb-below-header-display":"","ast-hfb-mobile-header-display":"","site-post-title":"","ast-breadcrumbs-content":"","ast-featured-img":"","footer-sml-layout":"","theme-transparent-header-meta":"default","adv-header-id-meta":"","stick-header-meta":"","header-above-stick-meta":"","header-main-stick-meta":"","header-below-stick-meta":""},"product_cat":[40,34,35],"product_tag":[],"class_list":{"0":"post-4710","1":"product","2":"type-product","3":"status-publish","4":"has-post-thumbnail","6":"product_cat-flora-y-fauna","7":"product_cat-libros","8":"product_cat-medio-ambiente","9":"desktop-align-left","10":"tablet-align-left","11":"mobile-align-left","13":"first","14":"instock","15":"shipping-taxable","16":"purchasable","17":"product-type-simple"},"_links":{"self":[{"href":"https:\/\/www.viveroecores.cl\/index.php?rest_route=\/wp\/v2\/product\/4710","targetHints":{"allow":["GET"]}}],"collection":[{"href":"https:\/\/www.viveroecores.cl\/index.php?rest_route=\/wp\/v2\/product"}],"about":[{"href":"https:\/\/www.viveroecores.cl\/index.php?rest_route=\/wp\/v2\/types\/product"}],"replies":[{"embeddable":true,"href":"https:\/\/www.viveroecores.cl\/index.php?rest_route=%2Fwp%2Fv2%2Fcomments&post=4710"}],"wp:featuredmedia":[{"embeddable":true,"href":"https:\/\/www.viveroecores.cl\/index.php?rest_route=\/wp\/v2\/media\/4711"}],"wp:attachment":[{"href":"https:\/\/www.viveroecores.cl\/index.php?rest_route=%2Fwp%2Fv2%2Fmedia&parent=4710"}],"wp:term":[{"taxonomy":"product_cat","embeddable":true,"href":"https:\/\/www.viveroecores.cl\/index.php?rest_route=%2Fwp%2Fv2%2Fproduct_cat&post=4710"},{"taxonomy":"product_tag","embeddable":true,"href":"https:\/\/www.viveroecores.cl\/index.php?rest_route=%2Fwp%2Fv2%2Fproduct_tag&post=4710"}],"curies":[{"name":"wp","href":"https:\/\/api.w.org\/{rel}","templated":true}]}}