{"id":4766,"date":"2023-06-27T19:04:30","date_gmt":"2023-06-27T19:04:30","guid":{"rendered":"https:\/\/www.viveroecores.cl\/?post_type=product&#038;p=4766"},"modified":"2023-06-27T19:04:30","modified_gmt":"2023-06-27T19:04:30","slug":"cultivo-ecologico-huerto-y-jardinel-huerto-y-jardin","status":"publish","type":"product","link":"https:\/\/www.viveroecores.cl\/?product=cultivo-ecologico-huerto-y-jardinel-huerto-y-jardin","title":{"rendered":"CULTIVO ECOLOGICO HUERTO Y JARDIN,EL HUERTO Y JARD\u00edN"},"content":{"rendered":"","protected":false},"excerpt":{"rendered":"<div class=\"sinopsis sinopsisDetalle\">\n<div id=\"textoSinopsisLibro\" class=\"non-expanded\">El autor de este libro, doctor en Ciencias Agron\u00f3micas, le ense\u00f1a a dise\u00f1ar y cuidar un jard\u00edn en simbiosis con la naturaleza: obtener su propio abono verde, su fertilizante, su insecticida, su compost e incluso sus propias semillas. Todo est\u00e1 aqu\u00ed, en este libro, y es v\u00e1lido tanto para un huerto como para un jard\u00edn ornamental.<\/div>\n<div class=\"botoneraSinopsis\">\n<div class=\"filaDetalle\">\n<div class=\"cabeceraDetalle\">EDITORIAL:<\/div>\n<div>SUSAETA<\/div>\n<\/div>\n<div class=\"filaDetalle\">\n<div class=\"cabeceraDetalle\">EAN:<\/div>\n<div>9788467750416<\/div>\n<\/div>\n<div class=\"filaDetalle\">\n<div class=\"cabeceraDetalle\">COLECCI\u00d3N:<\/div>\n<div>PEQUE\u00d1AS JOYAS<\/div>\n<\/div>\n<div class=\"filaDetalle\">\n<div class=\"cabeceraDetalle\">IDIOMA:<\/div>\n<div>CASTELLANO<\/div>\n<\/div>\n<\/div>\n<\/div>\n","protected":false},"featured_media":4767,"comment_status":"open","ping_status":"closed","template":"","meta":{"inline_featured_image":false,"_monsterinsights_skip_tracking":false,"_monsterinsights_sitenote_active":false,"_monsterinsights_sitenote_note":"","_monsterinsights_sitenote_category":0,"site-sidebar-layout":"default","site-content-layout":"default","ast-global-header-display":"","ast-main-header-display":"","ast-hfb-above-header-display":"","ast-hfb-below-header-display":"","ast-hfb-mobile-header-display":"","site-post-title":"","ast-breadcrumbs-content":"","ast-featured-img":"","footer-sml-layout":"","theme-transparent-header-meta":"default","adv-header-id-meta":"","stick-header-meta":"","header-above-stick-meta":"","header-main-stick-meta":"","header-below-stick-meta":""},"product_cat":[34,35],"product_tag":[],"class_list":{"0":"post-4766","1":"product","2":"type-product","3":"status-publish","4":"has-post-thumbnail","6":"product_cat-libros","7":"product_cat-medio-ambiente","8":"desktop-align-left","9":"tablet-align-left","10":"mobile-align-left","12":"first","13":"instock","14":"shipping-taxable","15":"purchasable","16":"product-type-simple"},"_links":{"self":[{"href":"https:\/\/www.viveroecores.cl\/index.php?rest_route=\/wp\/v2\/product\/4766","targetHints":{"allow":["GET"]}}],"collection":[{"href":"https:\/\/www.viveroecores.cl\/index.php?rest_route=\/wp\/v2\/product"}],"about":[{"href":"https:\/\/www.viveroecores.cl\/index.php?rest_route=\/wp\/v2\/types\/product"}],"replies":[{"embeddable":true,"href":"https:\/\/www.viveroecores.cl\/index.php?rest_route=%2Fwp%2Fv2%2Fcomments&post=4766"}],"wp:featuredmedia":[{"embeddable":true,"href":"https:\/\/www.viveroecores.cl\/index.php?rest_route=\/wp\/v2\/media\/4767"}],"wp:attachment":[{"href":"https:\/\/www.viveroecores.cl\/index.php?rest_route=%2Fwp%2Fv2%2Fmedia&parent=4766"}],"wp:term":[{"taxonomy":"product_cat","embeddable":true,"href":"https:\/\/www.viveroecores.cl\/index.php?rest_route=%2Fwp%2Fv2%2Fproduct_cat&post=4766"},{"taxonomy":"product_tag","embeddable":true,"href":"https:\/\/www.viveroecores.cl\/index.php?rest_route=%2Fwp%2Fv2%2Fproduct_tag&post=4766"}],"curies":[{"name":"wp","href":"https:\/\/api.w.org\/{rel}","templated":true}]}}