{"id":4774,"date":"2023-06-27T19:15:45","date_gmt":"2023-06-27T19:15:45","guid":{"rendered":"https:\/\/www.viveroecores.cl\/?post_type=product&#038;p=4774"},"modified":"2025-03-05T10:07:00","modified_gmt":"2025-03-05T13:07:00","slug":"propagacion-de-cultivo-de-plantas-y-tepes-en-viveros","status":"publish","type":"product","link":"https:\/\/www.viveroecores.cl\/?product=propagacion-de-cultivo-de-plantas-y-tepes-en-viveros","title":{"rendered":"PROPAGACI\u00d3N DE CULTIVO DE PLANTAS Y TEPES EN VIVEROS"},"content":{"rendered":"","protected":false},"excerpt":{"rendered":"<div class=\"filaDetalle\">\n<div class=\"cabeceraDetalle\">EDITORIAL:<\/div>\n<div>SINTESIS<\/div>\n<\/div>\n<div class=\"filaDetalle\">\n<div class=\"cabeceraDetalle\">EAN:<\/div>\n<div>9788490770320<\/div>\n<\/div>\n<div class=\"filaDetalle\">\n<div class=\"cabeceraDetalle\">COLECCI\u00d3N:<\/div>\n<div>CIENCIAS BIOLOGICAS:SERIE GENETICA<\/div>\n<\/div>\n<div class=\"filaDetalle\">\n<div class=\"cabeceraDetalle\">IDIOMA:<\/div>\n<div>CASTELLANO<\/div>\n<\/div>\n<div>El objetivo de este libro es abordar los conocimientos necesarios para realizar los trabajos habituales en un vivero con el claro criterio de entender el porqu\u00e9 de las cosas. Adem\u00e1s, se explica c\u00f3mo desempe\u00f1ar la funci\u00f3n de producci\u00f3n de plantas para fines ornamentales, agr\u00edcolas y forestales.<\/p>\n<p>Por ello, se trata de una obra especialmente recomendada para estudiantes de jardiner\u00eda y florister\u00eda pero tambi\u00e9n para quienes se embarquen en el estudio del viverismo por curiosidad, consulta o estudio. As\u00ed, se hace un recorrido l\u00f3gico y did\u00e1ctico de la producci\u00f3n de plantas que incluye la multiplicaci\u00f3n y propagaci\u00f3n sexual de \u00e9stas, la preparaci\u00f3n del medio de cultivo, el cultivo de planta en vivero, la producci\u00f3n de tepes, la preparaci\u00f3n de pedidos y el manejo de herramientas, equipos y maquinaria; todo ello desde el prisma de la normativa medioambiental y de prevenci\u00f3n de riesgos laborales aplicada.<\/p><\/div>\n<div><\/div>\n<div>\n<h3>Datos t\u00e9cnicos<\/h3>\n<ul class=\"comercialInfo\">\n<li class=\"fila\">\n<div class=\"titulo\">Encuadernaci\u00f3n<\/div>\n<div class=\"valor\">Bolsillo<\/div>\n<\/li>\n<li class=\"fila\">\n<div class=\"titulo\">N\u00ba p\u00e1ginas<\/div>\n<div class=\"valor\">234<\/div>\n<\/li>\n<li class=\"fila\">\n<div class=\"titulo\">Medidas<\/div>\n<div class=\"valor\">190 x 240 mm<\/div>\n<\/li>\n<\/ul>\n<\/div>\n<div><\/div>\n","protected":false},"featured_media":4775,"comment_status":"open","ping_status":"closed","template":"","meta":{"inline_featured_image":false,"_monsterinsights_skip_tracking":false,"_monsterinsights_sitenote_active":false,"_monsterinsights_sitenote_note":"","_monsterinsights_sitenote_category":0,"site-sidebar-layout":"default","site-content-layout":"default","ast-global-header-display":"","ast-main-header-display":"","ast-hfb-above-header-display":"","ast-hfb-below-header-display":"","ast-hfb-mobile-header-display":"","site-post-title":"","ast-breadcrumbs-content":"","ast-featured-img":"","footer-sml-layout":"","theme-transparent-header-meta":"default","adv-header-id-meta":"","stick-header-meta":"","header-above-stick-meta":"","header-main-stick-meta":"","header-below-stick-meta":""},"product_cat":[34,35,36,39],"product_tag":[],"class_list":{"0":"post-4774","1":"product","2":"type-product","3":"status-publish","4":"has-post-thumbnail","6":"product_cat-libros","7":"product_cat-medio-ambiente","8":"product_cat-productos-destacados","9":"product_cat-vida-sana","10":"desktop-align-left","11":"tablet-align-left","12":"mobile-align-left","14":"first","15":"outofstock","16":"shipping-taxable","17":"purchasable","18":"product-type-simple"},"_links":{"self":[{"href":"https:\/\/www.viveroecores.cl\/index.php?rest_route=\/wp\/v2\/product\/4774","targetHints":{"allow":["GET"]}}],"collection":[{"href":"https:\/\/www.viveroecores.cl\/index.php?rest_route=\/wp\/v2\/product"}],"about":[{"href":"https:\/\/www.viveroecores.cl\/index.php?rest_route=\/wp\/v2\/types\/product"}],"replies":[{"embeddable":true,"href":"https:\/\/www.viveroecores.cl\/index.php?rest_route=%2Fwp%2Fv2%2Fcomments&post=4774"}],"wp:featuredmedia":[{"embeddable":true,"href":"https:\/\/www.viveroecores.cl\/index.php?rest_route=\/wp\/v2\/media\/4775"}],"wp:attachment":[{"href":"https:\/\/www.viveroecores.cl\/index.php?rest_route=%2Fwp%2Fv2%2Fmedia&parent=4774"}],"wp:term":[{"taxonomy":"product_cat","embeddable":true,"href":"https:\/\/www.viveroecores.cl\/index.php?rest_route=%2Fwp%2Fv2%2Fproduct_cat&post=4774"},{"taxonomy":"product_tag","embeddable":true,"href":"https:\/\/www.viveroecores.cl\/index.php?rest_route=%2Fwp%2Fv2%2Fproduct_tag&post=4774"}],"curies":[{"name":"wp","href":"https:\/\/api.w.org\/{rel}","templated":true}]}}