{"id":4797,"date":"2023-06-27T21:13:11","date_gmt":"2023-06-27T21:13:11","guid":{"rendered":"https:\/\/www.viveroecores.cl\/?post_type=product&#038;p=4797"},"modified":"2023-06-27T21:13:11","modified_gmt":"2023-06-27T21:13:11","slug":"recuperando-biodiversidad-la-contribucion-del-csic-para-evi","status":"publish","type":"product","link":"https:\/\/www.viveroecores.cl\/?product=recuperando-biodiversidad-la-contribucion-del-csic-para-evi","title":{"rendered":"RECUPERANDO BIODIVERSIDAD LA CONTRIBUCION DEL CSIC PARA EVI"},"content":{"rendered":"","protected":false},"excerpt":{"rendered":"<div class=\"filaDetalle\">\n<div class=\"cabeceraDetalle\">EDITORIAL:<\/div>\n<div>CSIC PUBLICACIONES<\/div>\n<\/div>\n<div class=\"filaDetalle\">\n<div class=\"cabeceraDetalle\">EAN:<\/div>\n<div>9788400105426<\/div>\n<\/div>\n<div class=\"filaDetalle\">\n<div class=\"cabeceraDetalle\">COLECCI\u00d3N:<\/div>\n<div>DIVULGACION<\/div>\n<\/div>\n<div class=\"filaDetalle\">\n<div class=\"cabeceraDetalle\">IDIOMA:<\/div>\n<div>CASTELLANO<\/div>\n<\/div>\n<div>La intenci\u00f3n de este libro es mostrar la contribuci\u00f3n del CSIC a la recuperaci\u00f3n de especies amenazadas de extinci\u00f3n y dar a conocer las investigaciones que han contribuido sustancialmente a la mejora del estado de conservaci\u00f3n de las especies en cuesti\u00f3n. Se han seleccionado para ello proyectos innovadores de conservaci\u00f3n activa de vertebrados, dada su mayor capacidad de impacto social y medi\u00e1tico. Vivimos en una \u00e9poca donde el crecimiento de la poblaci\u00f3n humana y sus demandas de recursos de todo tipo han provocado cambios a escala planetaria, como el calentamiento global, el incremento exponencial de la extinci\u00f3n de especies, la contaminaci\u00f3n generalizada de ampl\u00edsimas zonas del planeta, etc. Estos cambios no solo afectan a otros seres vivos, sino que influyen en el ser humano de tal manera que nuestro futuro como especie podr\u00eda peligrar. No podemos -ning\u00fan ser vivo puede- vivir solos, sin los dem\u00e1s. La adecuada gesti\u00f3n de la vida en el planeta es una aut\u00e9ntica prioridad para el futuro del ser humano. La conservaci\u00f3n de la biodiversidad no solo consiste en salvar de la extinci\u00f3n a un bonito lince o \u00e1guila, es sobre todo la lucha por asegurar un h\u00e1bitat adecuado para nuestra propia especie. No tenemos ning\u00fan otro sitio donde ir, al menos de momento, que no sea nuestro planeta Tierra, as\u00ed que m\u00e1s vale que aprendamos a gestionarlo para mantenerlo lleno de vida o puede que nos quedemos sin hogar. En este libro se muestran magn\u00edficos ejemplos de hasta qu\u00e9 punto, incluso con nuestro nivel actual de conocimientos, somos capaces de cambiar las cosas si as\u00ed nos lo proponemos.<\/div>\n","protected":false},"featured_media":4798,"comment_status":"open","ping_status":"closed","template":"","meta":{"inline_featured_image":false,"_monsterinsights_skip_tracking":false,"_monsterinsights_sitenote_active":false,"_monsterinsights_sitenote_note":"","_monsterinsights_sitenote_category":0,"site-sidebar-layout":"default","site-content-layout":"default","ast-global-header-display":"","ast-main-header-display":"","ast-hfb-above-header-display":"","ast-hfb-below-header-display":"","ast-hfb-mobile-header-display":"","site-post-title":"","ast-breadcrumbs-content":"","ast-featured-img":"","footer-sml-layout":"","theme-transparent-header-meta":"default","adv-header-id-meta":"","stick-header-meta":"","header-above-stick-meta":"","header-main-stick-meta":"","header-below-stick-meta":""},"product_cat":[37,34],"product_tag":[],"class_list":{"0":"post-4797","1":"product","2":"type-product","3":"status-publish","4":"has-post-thumbnail","6":"product_cat-ecologia","7":"product_cat-libros","8":"desktop-align-left","9":"tablet-align-left","10":"mobile-align-left","12":"first","13":"instock","14":"shipping-taxable","15":"purchasable","16":"product-type-simple"},"_links":{"self":[{"href":"https:\/\/www.viveroecores.cl\/index.php?rest_route=\/wp\/v2\/product\/4797","targetHints":{"allow":["GET"]}}],"collection":[{"href":"https:\/\/www.viveroecores.cl\/index.php?rest_route=\/wp\/v2\/product"}],"about":[{"href":"https:\/\/www.viveroecores.cl\/index.php?rest_route=\/wp\/v2\/types\/product"}],"replies":[{"embeddable":true,"href":"https:\/\/www.viveroecores.cl\/index.php?rest_route=%2Fwp%2Fv2%2Fcomments&post=4797"}],"wp:featuredmedia":[{"embeddable":true,"href":"https:\/\/www.viveroecores.cl\/index.php?rest_route=\/wp\/v2\/media\/4798"}],"wp:attachment":[{"href":"https:\/\/www.viveroecores.cl\/index.php?rest_route=%2Fwp%2Fv2%2Fmedia&parent=4797"}],"wp:term":[{"taxonomy":"product_cat","embeddable":true,"href":"https:\/\/www.viveroecores.cl\/index.php?rest_route=%2Fwp%2Fv2%2Fproduct_cat&post=4797"},{"taxonomy":"product_tag","embeddable":true,"href":"https:\/\/www.viveroecores.cl\/index.php?rest_route=%2Fwp%2Fv2%2Fproduct_tag&post=4797"}],"curies":[{"name":"wp","href":"https:\/\/api.w.org\/{rel}","templated":true}]}}