{"id":4799,"date":"2023-06-27T21:16:42","date_gmt":"2023-06-27T21:16:42","guid":{"rendered":"https:\/\/www.viveroecores.cl\/?post_type=product&#038;p=4799"},"modified":"2026-03-15T16:35:40","modified_gmt":"2026-03-15T19:35:40","slug":"mama-naturaleza","status":"publish","type":"product","link":"https:\/\/www.viveroecores.cl\/?product=mama-naturaleza","title":{"rendered":"MAMA NATURALEZA"},"content":{"rendered":"","protected":false},"excerpt":{"rendered":"<div class=\"filaDetalle\">\n<div class=\"cabeceraDetalle\">EDITORIAL:<\/div>\n<div>TU CUENTO Y TU<\/div>\n<\/div>\n<div class=\"filaDetalle\">\n<div class=\"cabeceraDetalle\">EAN:<\/div>\n<div>9788494943164<\/div>\n<\/div>\n<div class=\"filaDetalle\">\n<div class=\"cabeceraDetalle\">COLECCI\u00d3N:<\/div>\n<div>INFANTIL<\/div>\n<\/div>\n<div class=\"filaDetalle\">\n<div class=\"cabeceraDetalle\">IDIOMA:<\/div>\n<div>CASTELLANO<\/div>\n<\/div>\n<div>\n<p>&nbsp;<\/p>\n<p class=\"nombre\"><b>Julia P\u00e9rez Villegas<\/b><\/p>\n<p><img decoding=\"async\" src=\"https:\/\/static.azetadistribuciones.es\/imagenesAutores\/9788494\/9788494943164\/10060.jpg\" \/>Nacida en Asturias, tierra de trasgus y Xanas, y residente en Valencia. Estudi\u00f3 derecho pero siempre le apasion\u00f3 la literatura infantil y con el nacimiento de sus dos musas decidi\u00f3 hacer caso a su coraz\u00f3n y lanzarse al mundo de la escritura y la edici\u00f3n de cuentos infantiles.<br \/>\nLibros publicados: Entre Avellanos; Mam\u00e1 Naturaleza; Do\u00f1a Fantas\u00eda; \u00bfC\u00f3mo hago un arco\u00edris?; Para quererte mejor; El gusanito feliz; Vuela, pompa vuela; Teje que te tejer\u00e1s, etc\u00e9tera.<\/p>\n<\/div>\n","protected":false},"featured_media":4800,"comment_status":"open","ping_status":"closed","template":"","meta":{"inline_featured_image":false,"_monsterinsights_skip_tracking":false,"_monsterinsights_sitenote_active":false,"_monsterinsights_sitenote_note":"","_monsterinsights_sitenote_category":0,"site-sidebar-layout":"default","site-content-layout":"default","ast-global-header-display":"","ast-main-header-display":"","ast-hfb-above-header-display":"","ast-hfb-below-header-display":"","ast-hfb-mobile-header-display":"","site-post-title":"","ast-breadcrumbs-content":"","ast-featured-img":"","footer-sml-layout":"","theme-transparent-header-meta":"default","adv-header-id-meta":"","stick-header-meta":"","header-above-stick-meta":"","header-main-stick-meta":"","header-below-stick-meta":""},"product_cat":[40,34,35],"product_tag":[],"class_list":{"0":"post-4799","1":"product","2":"type-product","3":"status-publish","4":"has-post-thumbnail","6":"product_cat-flora-y-fauna","7":"product_cat-libros","8":"product_cat-medio-ambiente","9":"desktop-align-left","10":"tablet-align-left","11":"mobile-align-left","13":"first","14":"outofstock","15":"shipping-taxable","16":"purchasable","17":"product-type-simple"},"_links":{"self":[{"href":"https:\/\/www.viveroecores.cl\/index.php?rest_route=\/wp\/v2\/product\/4799","targetHints":{"allow":["GET"]}}],"collection":[{"href":"https:\/\/www.viveroecores.cl\/index.php?rest_route=\/wp\/v2\/product"}],"about":[{"href":"https:\/\/www.viveroecores.cl\/index.php?rest_route=\/wp\/v2\/types\/product"}],"replies":[{"embeddable":true,"href":"https:\/\/www.viveroecores.cl\/index.php?rest_route=%2Fwp%2Fv2%2Fcomments&post=4799"}],"wp:featuredmedia":[{"embeddable":true,"href":"https:\/\/www.viveroecores.cl\/index.php?rest_route=\/wp\/v2\/media\/4800"}],"wp:attachment":[{"href":"https:\/\/www.viveroecores.cl\/index.php?rest_route=%2Fwp%2Fv2%2Fmedia&parent=4799"}],"wp:term":[{"taxonomy":"product_cat","embeddable":true,"href":"https:\/\/www.viveroecores.cl\/index.php?rest_route=%2Fwp%2Fv2%2Fproduct_cat&post=4799"},{"taxonomy":"product_tag","embeddable":true,"href":"https:\/\/www.viveroecores.cl\/index.php?rest_route=%2Fwp%2Fv2%2Fproduct_tag&post=4799"}],"curies":[{"name":"wp","href":"https:\/\/api.w.org\/{rel}","templated":true}]}}