{"id":4801,"date":"2023-06-27T21:23:56","date_gmt":"2023-06-27T21:23:56","guid":{"rendered":"https:\/\/www.viveroecores.cl\/?post_type=product&#038;p=4801"},"modified":"2025-07-26T19:04:21","modified_gmt":"2025-07-26T23:04:21","slug":"yo-se-reconocer-los-bichos-mis-pequenos-cuadernos-de-naturaleza","status":"publish","type":"product","link":"https:\/\/www.viveroecores.cl\/?product=yo-se-reconocer-los-bichos-mis-pequenos-cuadernos-de-naturaleza","title":{"rendered":"YO SE RECONOCER LOS BICHOS Mis peque\u00f1os cuadernos de naturaleza"},"content":{"rendered":"","protected":false},"excerpt":{"rendered":"<div class=\"filaDetalle\">\n<div class=\"cabeceraDetalle\">EDITORIAL:<\/div>\n<div>LAROUSSE<\/div>\n<\/div>\n<div class=\"filaDetalle\">\n<div class=\"cabeceraDetalle\">EAN:<\/div>\n<div>9788419436276<\/div>\n<\/div>\n<div class=\"filaDetalle\">\n<div class=\"cabeceraDetalle\">COLECCI\u00d3N:<\/div>\n<div>LAROUSSE &#8211; INFANTIL \/ JUVENIL &#8211; CASTELLA<\/div>\n<\/div>\n<div class=\"filaDetalle\">\n<div class=\"cabeceraDetalle\">IDIOMA:<\/div>\n<div>CASTELLANO<\/div>\n<\/div>\n<div>\n<p><b>Pr\u00e1ctico cuaderno para reconocer f\u00e1cilmente los insectos\u00a0<\/b>que podemos encontrar tanto en la ciudad como en el campo. Cochinillas, mariposas, ara\u00f1as, hormigas, caracoles&#8230; dejar\u00e1n de tener secretos para nosotros gracias a las 24\u00a0<b>fichas de identificaci\u00f3n sobre estos peque\u00f1os animales que viven en el jard\u00edn, en el hogar, junto a \u00e1rboles o cerca del agua.<\/b><\/p>\n<p>El cuaderno incluye\u00a0<b>juegos para aprender divirti\u00e9ndonos, informaci\u00f3n diversa y multitud de an\u00e9cdotas<\/b>\u00a0sobre la metamorfosis de la mariposa, el funcionamiento de un hormiguero o la anatom\u00eda de los insectos, entre otros muchos temas. Tambi\u00e9n encontraremos\u00a0<b>consejos y trucos para conocer la biodiversidad y proteger la naturaleza&#8230;<\/b>\u00a0\u00a1Y unas p\u00e1ginas centrales con adhesivos para certificar que ya hemos visto el &#8220;bicho&#8221; en la realidad!<\/p>\n<h3>Datos t\u00e9cnicos<\/h3>\n<ul class=\"comercialInfo\">\n<li class=\"fila\">\n<div class=\"titulo\">Encuadernaci\u00f3n<\/div>\n<div class=\"valor\">Bolsillo<\/div>\n<\/li>\n<li class=\"fila\">\n<div class=\"titulo\">N\u00ba p\u00e1ginas<\/div>\n<div class=\"valor\">52<\/div>\n<\/li>\n<li class=\"fila\">\n<div class=\"titulo\">Medidas<\/div>\n<div class=\"valor\">180 x 230 mm<\/div>\n<\/li>\n<\/ul>\n<\/div>\n","protected":false},"featured_media":4802,"comment_status":"open","ping_status":"closed","template":"","meta":{"inline_featured_image":false,"_monsterinsights_skip_tracking":false,"_monsterinsights_sitenote_active":false,"_monsterinsights_sitenote_note":"","_monsterinsights_sitenote_category":0,"site-sidebar-layout":"default","site-content-layout":"default","ast-global-header-display":"","ast-main-header-display":"","ast-hfb-above-header-display":"","ast-hfb-below-header-display":"","ast-hfb-mobile-header-display":"","site-post-title":"","ast-breadcrumbs-content":"","ast-featured-img":"","footer-sml-layout":"","theme-transparent-header-meta":"default","adv-header-id-meta":"","stick-header-meta":"","header-above-stick-meta":"","header-main-stick-meta":"","header-below-stick-meta":""},"product_cat":[40,34],"product_tag":[],"class_list":{"0":"post-4801","1":"product","2":"type-product","3":"status-publish","4":"has-post-thumbnail","6":"product_cat-flora-y-fauna","7":"product_cat-libros","8":"desktop-align-left","9":"tablet-align-left","10":"mobile-align-left","12":"first","13":"instock","14":"shipping-taxable","15":"purchasable","16":"product-type-simple"},"_links":{"self":[{"href":"https:\/\/www.viveroecores.cl\/index.php?rest_route=\/wp\/v2\/product\/4801","targetHints":{"allow":["GET"]}}],"collection":[{"href":"https:\/\/www.viveroecores.cl\/index.php?rest_route=\/wp\/v2\/product"}],"about":[{"href":"https:\/\/www.viveroecores.cl\/index.php?rest_route=\/wp\/v2\/types\/product"}],"replies":[{"embeddable":true,"href":"https:\/\/www.viveroecores.cl\/index.php?rest_route=%2Fwp%2Fv2%2Fcomments&post=4801"}],"wp:featuredmedia":[{"embeddable":true,"href":"https:\/\/www.viveroecores.cl\/index.php?rest_route=\/wp\/v2\/media\/4802"}],"wp:attachment":[{"href":"https:\/\/www.viveroecores.cl\/index.php?rest_route=%2Fwp%2Fv2%2Fmedia&parent=4801"}],"wp:term":[{"taxonomy":"product_cat","embeddable":true,"href":"https:\/\/www.viveroecores.cl\/index.php?rest_route=%2Fwp%2Fv2%2Fproduct_cat&post=4801"},{"taxonomy":"product_tag","embeddable":true,"href":"https:\/\/www.viveroecores.cl\/index.php?rest_route=%2Fwp%2Fv2%2Fproduct_tag&post=4801"}],"curies":[{"name":"wp","href":"https:\/\/api.w.org\/{rel}","templated":true}]}}