{"id":4805,"date":"2023-06-28T22:54:15","date_gmt":"2023-06-28T22:54:15","guid":{"rendered":"https:\/\/www.viveroecores.cl\/?post_type=product&#038;p=4805"},"modified":"2024-02-18T11:26:40","modified_gmt":"2024-02-18T14:26:40","slug":"las-setas-del-parque-natural-sierra-de-las-nieves","status":"publish","type":"product","link":"https:\/\/www.viveroecores.cl\/?product=las-setas-del-parque-natural-sierra-de-las-nieves","title":{"rendered":"LAS SETAS DEL PARQUE NATURAL SIERRA DE LAS NIEVES"},"content":{"rendered":"","protected":false},"excerpt":{"rendered":"<div class=\"filaDetalle\">\n<div class=\"cabeceraDetalle\">EDITORIAL:<\/div>\n<div>LA SERRANIA<\/div>\n<\/div>\n<div class=\"filaDetalle\">\n<div class=\"cabeceraDetalle\">EAN:<\/div>\n<div>9788496607514<\/div>\n<\/div>\n<div class=\"filaDetalle\">\n<div class=\"cabeceraDetalle\">COLECCI\u00d3N:<\/div>\n<div>BOISSIER<\/div>\n<\/div>\n<div class=\"filaDetalle\">\n<div class=\"cabeceraDetalle\">IDIOMA:<\/div>\n<div>CASTELLANO<\/div>\n<\/div>\n<div>El Parque Natural Sierra de las Nieves se sit\u00faa en la zona occidental de la provincia de M\u00e1laga, en plena Serran\u00eda de Ronda. Famoso por sus bellos pinsapares, esconde entre sus bosques, matorrales y pastizales una gran diversidad de especies de hongos; se han inventariado m\u00e1s de 400 taxones diferentes, entre los que se pueden citar especies comestibles muy codiciadas por los mic\u00f3fagos como la seta de cardo o las cagarria, y otras t\u00f3xicas o incluso mortales como la matamoscas, la Amanita pantherina o Galerina marginata. Con este libro se pretende dar a conocer parte de esa enorme riqueza micol\u00f3gica, haciendo especial hincapi\u00e9 en las setas comestibles y en aquellas t\u00f3xicas que todo aficionado debe conocer para evitar desgracias, las cuales son descritas de un modo accesible para las personas que se inician en el fascinante mundo de los hongos. Completan el texto varios cap\u00edtulos sobre el Parque Natural, la micolog\u00eda y las principales formaciones vegetales presentes en este espacio protegido. En otros apartados se exponen la normativa existente sobre la recolecci\u00f3n de setas en este espacio natural y las asociaciones micol\u00f3gicas presentes en Andaluc\u00eda. Finaliza la obra con un glosario donde se recogen las palabras t\u00e9cnicas utilizadas en la obra, los n\u00fameros de tel\u00e9fono de inter\u00e9s y una aproximaci\u00f3n al cat\u00e1logo micol\u00f3gico de la Sierra de las Nieves.<\/div>\n","protected":false},"featured_media":4806,"comment_status":"open","ping_status":"closed","template":"","meta":{"inline_featured_image":false,"_monsterinsights_skip_tracking":false,"_monsterinsights_sitenote_active":false,"_monsterinsights_sitenote_note":"","_monsterinsights_sitenote_category":0,"site-sidebar-layout":"default","site-content-layout":"default","ast-global-header-display":"","ast-main-header-display":"","ast-hfb-above-header-display":"","ast-hfb-below-header-display":"","ast-hfb-mobile-header-display":"","site-post-title":"","ast-breadcrumbs-content":"","ast-featured-img":"","footer-sml-layout":"","theme-transparent-header-meta":"default","adv-header-id-meta":"","stick-header-meta":"","header-above-stick-meta":"","header-main-stick-meta":"","header-below-stick-meta":""},"product_cat":[38,40,34],"product_tag":[],"class_list":{"0":"post-4805","1":"product","2":"type-product","3":"status-publish","4":"has-post-thumbnail","6":"product_cat-ciencias","7":"product_cat-flora-y-fauna","8":"product_cat-libros","9":"desktop-align-left","10":"tablet-align-left","11":"mobile-align-left","13":"first","14":"instock","15":"shipping-taxable","16":"purchasable","17":"product-type-simple"},"_links":{"self":[{"href":"https:\/\/www.viveroecores.cl\/index.php?rest_route=\/wp\/v2\/product\/4805","targetHints":{"allow":["GET"]}}],"collection":[{"href":"https:\/\/www.viveroecores.cl\/index.php?rest_route=\/wp\/v2\/product"}],"about":[{"href":"https:\/\/www.viveroecores.cl\/index.php?rest_route=\/wp\/v2\/types\/product"}],"replies":[{"embeddable":true,"href":"https:\/\/www.viveroecores.cl\/index.php?rest_route=%2Fwp%2Fv2%2Fcomments&post=4805"}],"wp:featuredmedia":[{"embeddable":true,"href":"https:\/\/www.viveroecores.cl\/index.php?rest_route=\/wp\/v2\/media\/4806"}],"wp:attachment":[{"href":"https:\/\/www.viveroecores.cl\/index.php?rest_route=%2Fwp%2Fv2%2Fmedia&parent=4805"}],"wp:term":[{"taxonomy":"product_cat","embeddable":true,"href":"https:\/\/www.viveroecores.cl\/index.php?rest_route=%2Fwp%2Fv2%2Fproduct_cat&post=4805"},{"taxonomy":"product_tag","embeddable":true,"href":"https:\/\/www.viveroecores.cl\/index.php?rest_route=%2Fwp%2Fv2%2Fproduct_tag&post=4805"}],"curies":[{"name":"wp","href":"https:\/\/api.w.org\/{rel}","templated":true}]}}