{"id":4981,"date":"2023-07-19T18:49:58","date_gmt":"2023-07-19T18:49:58","guid":{"rendered":"https:\/\/www.viveroecores.cl\/?post_type=product&#038;p=4981"},"modified":"2023-07-19T18:49:58","modified_gmt":"2023-07-19T18:49:58","slug":"la-vida-secreta-de-los-insectos-2","status":"publish","type":"product","link":"https:\/\/www.viveroecores.cl\/?product=la-vida-secreta-de-los-insectos-2","title":{"rendered":"LA VIDA SECRETA DE LOS INSECTOS"},"content":{"rendered":"","protected":false},"excerpt":{"rendered":"<div class=\"filaDetalle\">\n<div class=\"cabeceraDetalle\">EDITORIAL:<\/div>\n<div><a title=\"Pulse aqu\u00ed para ver los libros de esta editorial\" href=\"https:\/\/www.azetadistribuciones.es\/html\/lib\/buscar\/detalle.php?fr_codArticulo=U210100061&amp;fr_pagSel=1&amp;fr_posicion=1#\">PLATAFORMA EDITORIAL<\/a><\/div>\n<\/div>\n<div class=\"filaDetalle\">\n<div class=\"cabeceraDetalle\">EAN:<\/div>\n<div>9788417376789<\/div>\n<\/div>\n<div class=\"filaDetalle\">\n<div class=\"cabeceraDetalle\">COLECCI\u00d3N:<\/div>\n<div><a title=\"Pulse aqu\u00ed para ver todos los libros de la colecci\u00f3n\" href=\"https:\/\/www.azetadistribuciones.es\/html\/lib\/buscar\/detalle.php?fr_codArticulo=U210100061&amp;fr_pagSel=1&amp;fr_posicion=1#\">PLATAFORMA<\/a><\/div>\n<\/div>\n<div class=\"filaDetalle\">\n<div class=\"cabeceraDetalle\">IDIOMA:<\/div>\n<div>CASTELLANO<\/div>\n<\/div>\n<div>\n<div id=\"textoSinopsisLibro\" class=\"non-expanded\">En una ocasi\u00f3n en que J. B. S. Haldane, brillante genetista y<br \/>\nbi\u00f3logo evolutivo brit\u00e1nico de principios del siglo XX, depart\u00eda<br \/>\ncon un grupo de te\u00f3logos, le preguntaron qu\u00e9 podr\u00eda concluir<br \/>\nde Dios a partir del estudio del mundo, a lo que respondi\u00f3:<br \/>\n\u00abParecer\u00eda que Dios tiene una afici\u00f3n desmedida por las estrellas<br \/>\ny los escarabajos\u00bb.<br \/>\nLos seres humanos parecen la especie dominante. Sin embargo,<br \/>\nun c\u00e1lculo prudente estima que hay doce millones de especies<br \/>\nde artr\u00f3podos. \u00bfSer\u00eda el planeta igual sin insectos? En esta<br \/>\ninstructiva obra, el autor nos invita a sentir curiosidad por<br \/>\nsus vidas y a preocuparnos por su conservaci\u00f3n. \u00bfEn qu\u00e9 momento<br \/>\naparecieron? \u00bfC\u00f3mo buscan pareja? \u00bfCu\u00e1nta distancia<br \/>\nson capaces de recorrer? \u00bfC\u00f3mo se gu\u00edan? \u00bfC\u00f3mo viven en<br \/>\nsociedad? \u00bfEst\u00e1n en peligro de extinci\u00f3n?<br \/>\nLa supervivencia del hombre depende de la biosfera, cuyo<br \/>\nequilibrio no ser\u00eda posible sin los insectos. La vida secreta de los<br \/>\ninsectos nos recuerda que a\u00fan estamos a tiempo de conocerlos,<br \/>\nentenderlos, conservarlos y protegerlos?<\/div>\n<\/div>\n<div><\/div>\n<div>\n<h3>Datos t\u00e9cnicos<\/h3>\n<ul class=\"comercialInfo\">\n<li class=\"fila\">\n<div class=\"titulo\">Encuadernaci\u00f3n<\/div>\n<div class=\"valor\">Bolsillo<\/div>\n<\/li>\n<li class=\"fila\">\n<div class=\"titulo\">N\u00ba p\u00e1ginas<\/div>\n<div class=\"valor\">296<\/div>\n<\/li>\n<li class=\"fila\">\n<div class=\"titulo\">Medidas<\/div>\n<div class=\"valor\">160 x 220 mm<\/div>\n<\/li>\n<\/ul>\n<\/div>\n","protected":false},"featured_media":4982,"comment_status":"open","ping_status":"closed","template":"","meta":{"inline_featured_image":false,"_monsterinsights_skip_tracking":false,"_monsterinsights_sitenote_active":false,"_monsterinsights_sitenote_note":"","_monsterinsights_sitenote_category":0,"site-sidebar-layout":"default","site-content-layout":"default","ast-global-header-display":"","ast-main-header-display":"","ast-hfb-above-header-display":"","ast-hfb-below-header-display":"","ast-hfb-mobile-header-display":"","site-post-title":"","ast-breadcrumbs-content":"","ast-featured-img":"","footer-sml-layout":"","theme-transparent-header-meta":"default","adv-header-id-meta":"","stick-header-meta":"","header-above-stick-meta":"","header-main-stick-meta":"","header-below-stick-meta":""},"product_cat":[40,34],"product_tag":[],"class_list":{"0":"post-4981","1":"product","2":"type-product","3":"status-publish","4":"has-post-thumbnail","6":"product_cat-flora-y-fauna","7":"product_cat-libros","8":"desktop-align-left","9":"tablet-align-left","10":"mobile-align-left","12":"first","13":"instock","14":"shipping-taxable","15":"purchasable","16":"product-type-simple"},"_links":{"self":[{"href":"https:\/\/www.viveroecores.cl\/index.php?rest_route=\/wp\/v2\/product\/4981","targetHints":{"allow":["GET"]}}],"collection":[{"href":"https:\/\/www.viveroecores.cl\/index.php?rest_route=\/wp\/v2\/product"}],"about":[{"href":"https:\/\/www.viveroecores.cl\/index.php?rest_route=\/wp\/v2\/types\/product"}],"replies":[{"embeddable":true,"href":"https:\/\/www.viveroecores.cl\/index.php?rest_route=%2Fwp%2Fv2%2Fcomments&post=4981"}],"wp:featuredmedia":[{"embeddable":true,"href":"https:\/\/www.viveroecores.cl\/index.php?rest_route=\/wp\/v2\/media\/4982"}],"wp:attachment":[{"href":"https:\/\/www.viveroecores.cl\/index.php?rest_route=%2Fwp%2Fv2%2Fmedia&parent=4981"}],"wp:term":[{"taxonomy":"product_cat","embeddable":true,"href":"https:\/\/www.viveroecores.cl\/index.php?rest_route=%2Fwp%2Fv2%2Fproduct_cat&post=4981"},{"taxonomy":"product_tag","embeddable":true,"href":"https:\/\/www.viveroecores.cl\/index.php?rest_route=%2Fwp%2Fv2%2Fproduct_tag&post=4981"}],"curies":[{"name":"wp","href":"https:\/\/api.w.org\/{rel}","templated":true}]}}