{"id":5596,"date":"2025-07-19T14:40:27","date_gmt":"2025-07-19T18:40:27","guid":{"rendered":"https:\/\/www.viveroecores.cl\/?post_type=product&#038;p=5596"},"modified":"2025-09-30T21:38:32","modified_gmt":"2025-10-01T00:38:32","slug":"coigue","status":"publish","type":"product","link":"https:\/\/www.viveroecores.cl\/?product=coigue","title":{"rendered":"Coig\u00fce"},"content":{"rendered":"","protected":false},"excerpt":{"rendered":"<p>Este \u00e1rbol siempreverde de aspecto gris\u00e1ceo y ramificaci\u00f3n en niveles puede alcanzar hasta 40 metros de altura, con un tronco cil\u00edndrico de hasta 3 metros de di\u00e1metro. Su corteza es gris oscura, lisa y levemente agrietada. Es uno de los \u00e1rboles m\u00e1s altos y abundantes de los bosques del sur de Chile, y destaca por su valor ornamental gracias a la brillantez de sus hojas y su r\u00e1pido crecimiento. Se encuentra protegido en numerosos parques y reservas nacionales, como Radal Siete Tazas, Nahuelbuta, Conguill\u00edo y Altos de Lircay.<\/p>\n","protected":false},"featured_media":5597,"comment_status":"open","ping_status":"closed","template":"","meta":{"inline_featured_image":false,"_monsterinsights_skip_tracking":false,"_monsterinsights_sitenote_active":false,"_monsterinsights_sitenote_note":"","_monsterinsights_sitenote_category":0,"site-sidebar-layout":"default","site-content-layout":"default","ast-global-header-display":"","ast-main-header-display":"","ast-hfb-above-header-display":"","ast-hfb-below-header-display":"","ast-hfb-mobile-header-display":"","site-post-title":"","ast-breadcrumbs-content":"","ast-featured-img":"","footer-sml-layout":"","theme-transparent-header-meta":"default","adv-header-id-meta":"","stick-header-meta":"","header-above-stick-meta":"","header-main-stick-meta":"","header-below-stick-meta":""},"product_cat":[43,42,36],"product_tag":[],"class_list":{"0":"post-5596","1":"product","2":"type-product","3":"status-publish","4":"has-post-thumbnail","6":"product_cat-arboles","7":"product_cat-plantas-nativas","8":"product_cat-productos-destacados","9":"desktop-align-left","10":"tablet-align-left","11":"mobile-align-left","13":"first","14":"outofstock","15":"shipping-taxable","16":"purchasable","17":"product-type-simple"},"_links":{"self":[{"href":"https:\/\/www.viveroecores.cl\/index.php?rest_route=\/wp\/v2\/product\/5596","targetHints":{"allow":["GET"]}}],"collection":[{"href":"https:\/\/www.viveroecores.cl\/index.php?rest_route=\/wp\/v2\/product"}],"about":[{"href":"https:\/\/www.viveroecores.cl\/index.php?rest_route=\/wp\/v2\/types\/product"}],"replies":[{"embeddable":true,"href":"https:\/\/www.viveroecores.cl\/index.php?rest_route=%2Fwp%2Fv2%2Fcomments&post=5596"}],"wp:featuredmedia":[{"embeddable":true,"href":"https:\/\/www.viveroecores.cl\/index.php?rest_route=\/wp\/v2\/media\/5597"}],"wp:attachment":[{"href":"https:\/\/www.viveroecores.cl\/index.php?rest_route=%2Fwp%2Fv2%2Fmedia&parent=5596"}],"wp:term":[{"taxonomy":"product_cat","embeddable":true,"href":"https:\/\/www.viveroecores.cl\/index.php?rest_route=%2Fwp%2Fv2%2Fproduct_cat&post=5596"},{"taxonomy":"product_tag","embeddable":true,"href":"https:\/\/www.viveroecores.cl\/index.php?rest_route=%2Fwp%2Fv2%2Fproduct_tag&post=5596"}],"curies":[{"name":"wp","href":"https:\/\/api.w.org\/{rel}","templated":true}]}}