{"id":5598,"date":"2025-07-19T16:56:38","date_gmt":"2025-07-19T20:56:38","guid":{"rendered":"https:\/\/www.viveroecores.cl\/?post_type=product&#038;p=5598"},"modified":"2025-09-03T14:05:32","modified_gmt":"2025-09-03T18:05:32","slug":"chilco","status":"publish","type":"product","link":"https:\/\/www.viveroecores.cl\/?product=chilco","title":{"rendered":"Chilco"},"content":{"rendered":"","protected":false},"excerpt":{"rendered":"<p><strong data-start=\"42\" data-end=\"77\">El chilco<\/strong>\u00a0es un arbusto nativo de Chile y Argentina, siempreverde y conocido por sus vistosas flores, que alimentan a picaflores y abejas. Su nombre mapuche, <em data-start=\"226\" data-end=\"235\" data-is-only-node=\"\">chil-ko<\/em>, significa \u201cel que nace cerca del agua\u201d, por su preferencia por zonas h\u00famedas. En Chile crece desde Valpara\u00edso hasta Magallanes, siendo com\u00fan en bosques del sur. Adem\u00e1s de su valor ecol\u00f3gico, el chilco tiene usos medicinales: sus hojas y flores se usan en infusiones para aliviar dolencias menstruales, renales y como diur\u00e9tico natural.<\/p>\n","protected":false},"featured_media":5599,"comment_status":"open","ping_status":"closed","template":"","meta":{"inline_featured_image":false,"_monsterinsights_skip_tracking":false,"_monsterinsights_sitenote_active":false,"_monsterinsights_sitenote_note":"","_monsterinsights_sitenote_category":0,"site-sidebar-layout":"default","site-content-layout":"default","ast-global-header-display":"","ast-main-header-display":"","ast-hfb-above-header-display":"","ast-hfb-below-header-display":"","ast-hfb-mobile-header-display":"","site-post-title":"","ast-breadcrumbs-content":"","ast-featured-img":"","footer-sml-layout":"","theme-transparent-header-meta":"default","adv-header-id-meta":"","stick-header-meta":"","header-above-stick-meta":"","header-main-stick-meta":"","header-below-stick-meta":""},"product_cat":[44,42,36],"product_tag":[],"class_list":{"0":"post-5598","1":"product","2":"type-product","3":"status-publish","4":"has-post-thumbnail","6":"product_cat-arbustos","7":"product_cat-plantas-nativas","8":"product_cat-productos-destacados","9":"desktop-align-left","10":"tablet-align-left","11":"mobile-align-left","13":"first","14":"outofstock","15":"shipping-taxable","16":"purchasable","17":"product-type-simple"},"_links":{"self":[{"href":"https:\/\/www.viveroecores.cl\/index.php?rest_route=\/wp\/v2\/product\/5598","targetHints":{"allow":["GET"]}}],"collection":[{"href":"https:\/\/www.viveroecores.cl\/index.php?rest_route=\/wp\/v2\/product"}],"about":[{"href":"https:\/\/www.viveroecores.cl\/index.php?rest_route=\/wp\/v2\/types\/product"}],"replies":[{"embeddable":true,"href":"https:\/\/www.viveroecores.cl\/index.php?rest_route=%2Fwp%2Fv2%2Fcomments&post=5598"}],"wp:featuredmedia":[{"embeddable":true,"href":"https:\/\/www.viveroecores.cl\/index.php?rest_route=\/wp\/v2\/media\/5599"}],"wp:attachment":[{"href":"https:\/\/www.viveroecores.cl\/index.php?rest_route=%2Fwp%2Fv2%2Fmedia&parent=5598"}],"wp:term":[{"taxonomy":"product_cat","embeddable":true,"href":"https:\/\/www.viveroecores.cl\/index.php?rest_route=%2Fwp%2Fv2%2Fproduct_cat&post=5598"},{"taxonomy":"product_tag","embeddable":true,"href":"https:\/\/www.viveroecores.cl\/index.php?rest_route=%2Fwp%2Fv2%2Fproduct_tag&post=5598"}],"curies":[{"name":"wp","href":"https:\/\/api.w.org\/{rel}","templated":true}]}}