{"id":5641,"date":"2025-09-05T09:19:09","date_gmt":"2025-09-05T13:19:09","guid":{"rendered":"https:\/\/www.viveroecores.cl\/?post_type=product&#038;p=5641"},"modified":"2026-02-27T12:29:48","modified_gmt":"2026-02-27T15:29:48","slug":"palmera-chilena","status":"publish","type":"product","link":"https:\/\/www.viveroecores.cl\/?product=palmera-chilena","title":{"rendered":"Palma Chilena"},"content":{"rendered":"","protected":false},"excerpt":{"rendered":"<p><strong data-start=\"95\" data-end=\"134\">La palma chilena (Jubaea chilensis)<\/strong> es la \u00fanica palmera nativa de Chile continental. De crecimiento lento y gran longevidad \u2014puede vivir m\u00e1s de 1.000 a\u00f1os\u2014 alcanza hasta 30 metros de altura. Actualmente est\u00e1 catalogada como especie <strong data-start=\"331\" data-end=\"345\">vulnerable<\/strong>, debido a la reducci\u00f3n de sus poblaciones por la explotaci\u00f3n y la p\u00e9rdida de h\u00e1bitat. Muy apreciada por su valor ornamental, hoy se cultiva en parques y jardines de Chile y el mundo.<\/p>\n","protected":false},"featured_media":5642,"comment_status":"open","ping_status":"closed","template":"","meta":{"inline_featured_image":false,"_monsterinsights_skip_tracking":false,"_monsterinsights_sitenote_active":false,"_monsterinsights_sitenote_note":"","_monsterinsights_sitenote_category":0,"site-sidebar-layout":"default","site-content-layout":"default","ast-global-header-display":"","ast-main-header-display":"","ast-hfb-above-header-display":"","ast-hfb-below-header-display":"","ast-hfb-mobile-header-display":"","site-post-title":"","ast-breadcrumbs-content":"","ast-featured-img":"","footer-sml-layout":"","theme-transparent-header-meta":"default","adv-header-id-meta":"","stick-header-meta":"","header-above-stick-meta":"","header-main-stick-meta":"","header-below-stick-meta":""},"product_cat":[43,42,36],"product_tag":[],"class_list":{"0":"post-5641","1":"product","2":"type-product","3":"status-publish","4":"has-post-thumbnail","6":"product_cat-arboles","7":"product_cat-plantas-nativas","8":"product_cat-productos-destacados","9":"desktop-align-left","10":"tablet-align-left","11":"mobile-align-left","13":"first","14":"instock","15":"shipping-taxable","16":"purchasable","17":"product-type-simple"},"_links":{"self":[{"href":"https:\/\/www.viveroecores.cl\/index.php?rest_route=\/wp\/v2\/product\/5641","targetHints":{"allow":["GET"]}}],"collection":[{"href":"https:\/\/www.viveroecores.cl\/index.php?rest_route=\/wp\/v2\/product"}],"about":[{"href":"https:\/\/www.viveroecores.cl\/index.php?rest_route=\/wp\/v2\/types\/product"}],"replies":[{"embeddable":true,"href":"https:\/\/www.viveroecores.cl\/index.php?rest_route=%2Fwp%2Fv2%2Fcomments&post=5641"}],"wp:featuredmedia":[{"embeddable":true,"href":"https:\/\/www.viveroecores.cl\/index.php?rest_route=\/wp\/v2\/media\/5642"}],"wp:attachment":[{"href":"https:\/\/www.viveroecores.cl\/index.php?rest_route=%2Fwp%2Fv2%2Fmedia&parent=5641"}],"wp:term":[{"taxonomy":"product_cat","embeddable":true,"href":"https:\/\/www.viveroecores.cl\/index.php?rest_route=%2Fwp%2Fv2%2Fproduct_cat&post=5641"},{"taxonomy":"product_tag","embeddable":true,"href":"https:\/\/www.viveroecores.cl\/index.php?rest_route=%2Fwp%2Fv2%2Fproduct_tag&post=5641"}],"curies":[{"name":"wp","href":"https:\/\/api.w.org\/{rel}","templated":true}]}}